{"id":896,"date":"2019-04-15T07:45:07","date_gmt":"2019-04-15T07:45:07","guid":{"rendered":"http:\/\/arenesbellpuig.com\/?page_id=896"},"modified":"2023-06-19T14:33:30","modified_gmt":"2023-06-19T14:33:30","slug":"nouvelles","status":"publish","type":"page","link":"https:\/\/arenesbellpuig.com\/fr\/nouvelles\/","title":{"rendered":"NOUVELLES"},"content":{"rendered":"\t\t<div data-elementor-type=\"wp-post\" data-elementor-id=\"896\" class=\"elementor elementor-896\" data-elementor-post-type=\"page\">\n\t\t\t\t\t\t<section class=\"elementor-section elementor-top-section elementor-element elementor-element-fb0722f elementor-section-stretched elementor-section-full_width elementor-section-height-min-height elementor-section-height-default elementor-section-items-middle\" data-id=\"fb0722f\" data-element_type=\"section\" data-e-type=\"section\" data-settings=\"{&quot;stretch_section&quot;:&quot;section-stretched&quot;,&quot;background_background&quot;:&quot;classic&quot;}\">\n\t\t\t\t\t\t\t<div class=\"elementor-background-overlay\"><\/div>\n\t\t\t\t\t\t\t<div class=\"elementor-container elementor-column-gap-default\">\n\t\t\t\t\t<div class=\"elementor-column elementor-col-100 elementor-top-column elementor-element elementor-element-3166f6d9\" data-id=\"3166f6d9\" data-element_type=\"column\" data-e-type=\"column\">\n\t\t\t<div class=\"elementor-widget-wrap elementor-element-populated\">\n\t\t\t\t\t\t<div class=\"elementor-element elementor-element-2a4672c elementor-widget elementor-widget-heading\" data-id=\"2a4672c\" data-element_type=\"widget\" data-e-type=\"widget\" data-widget_type=\"heading.default\">\n\t\t\t\t<div class=\"elementor-widget-container\">\n\t\t\t\t\t<h1 class=\"elementor-heading-title elementor-size-default\">Nouvelles d\u2019Arenes Bellpuig<\/h1>\t\t\t\t<\/div>\n\t\t\t\t<\/div>\n\t\t\t\t\t<\/div>\n\t\t<\/div>\n\t\t\t\t\t<\/div>\n\t\t<\/section>\n\t\t\t\t<section class=\"elementor-section elementor-top-section elementor-element elementor-element-4f8608bd elementor-section-stretched elementor-section-boxed elementor-section-height-default elementor-section-height-default\" data-id=\"4f8608bd\" data-element_type=\"section\" data-e-type=\"section\" data-settings=\"{&quot;stretch_section&quot;:&quot;section-stretched&quot;,&quot;background_background&quot;:&quot;classic&quot;}\">\n\t\t\t\t\t\t<div class=\"elementor-container elementor-column-gap-default\">\n\t\t\t\t\t<div class=\"elementor-column elementor-col-100 elementor-top-column elementor-element elementor-element-7cee928c\" data-id=\"7cee928c\" data-element_type=\"column\" data-e-type=\"column\">\n\t\t\t<div class=\"elementor-widget-wrap elementor-element-populated\">\n\t\t\t\t\t\t<div class=\"elementor-element elementor-element-6f0e3006 elementor-widget elementor-widget-heading\" data-id=\"6f0e3006\" data-element_type=\"widget\" data-e-type=\"widget\" data-widget_type=\"heading.default\">\n\t\t\t\t<div class=\"elementor-widget-container\">\n\t\t\t\t\t<span class=\"elementor-heading-title elementor-size-default\">RETROUVEZ LES DERNI\u00c8RES NOUVELLES RELATIVES AUX AR\u00c9NAS BELLPUIG ET \u00c0 NOTRE SECTEUR INDUSTRIEL<\/span>\t\t\t\t<\/div>\n\t\t\t\t<\/div>\n\t\t\t\t<div class=\"elementor-element elementor-element-2b0157bb elementor-widget elementor-widget-text-editor\" data-id=\"2b0157bb\" data-element_type=\"widget\" data-e-type=\"widget\" data-widget_type=\"text-editor.default\">\n\t\t\t\t<div class=\"elementor-widget-container\">\n\t\t\t\t\t\t\t\t\t<p>Retrouvez les derni\u00e8res Novetatas ici! D\u00e9couvrez les derni\u00e8res nouvelles dans le secteur des agr\u00e9gats, de l\u2019industrie et de la construction. Sachez tr\u00e8s pr\u00e8s de notre activit\u00e9, des derniers projets et des \u00e9v\u00e9nements dans lequel nous participons.<\/p>\t\t\t\t\t\t\t\t<\/div>\n\t\t\t\t<\/div>\n\t\t\t\t\t<\/div>\n\t\t<\/div>\n\t\t\t\t\t<\/div>\n\t\t<\/section>\n\t\t\t\t<section class=\"elementor-section elementor-top-section elementor-element elementor-element-40c9f366 elementor-section-stretched elementor-section-height-min-height elementor-section-items-top elementor-section-boxed elementor-section-height-default\" data-id=\"40c9f366\" data-element_type=\"section\" data-e-type=\"section\" data-settings=\"{&quot;stretch_section&quot;:&quot;section-stretched&quot;,&quot;background_background&quot;:&quot;classic&quot;}\">\n\t\t\t\t\t\t<div class=\"elementor-container elementor-column-gap-default\">\n\t\t\t\t\t<div class=\"elementor-column elementor-col-100 elementor-top-column elementor-element elementor-element-54176bac\" data-id=\"54176bac\" data-element_type=\"column\" data-e-type=\"column\">\n\t\t\t<div class=\"elementor-widget-wrap elementor-element-populated\">\n\t\t\t\t\t\t<div class=\"elementor-element elementor-element-11b73c2 elementor-grid-2 elementor-posts--align-center elementor-grid-tablet-2 elementor-grid-mobile-1 elementor-posts--thumbnail-top elementor-card-shadow-yes elementor-posts__hover-gradient elementor-widget elementor-widget-posts\" data-id=\"11b73c2\" data-element_type=\"widget\" data-e-type=\"widget\" data-settings=\"{&quot;cards_columns&quot;:&quot;2&quot;,&quot;cards_row_gap&quot;:{&quot;unit&quot;:&quot;px&quot;,&quot;size&quot;:&quot;30&quot;,&quot;sizes&quot;:[]},&quot;pagination_type&quot;:&quot;prev_next&quot;,&quot;cards_columns_tablet&quot;:&quot;2&quot;,&quot;cards_columns_mobile&quot;:&quot;1&quot;,&quot;cards_row_gap_tablet&quot;:{&quot;unit&quot;:&quot;px&quot;,&quot;size&quot;:&quot;&quot;,&quot;sizes&quot;:[]},&quot;cards_row_gap_mobile&quot;:{&quot;unit&quot;:&quot;px&quot;,&quot;size&quot;:&quot;&quot;,&quot;sizes&quot;:[]}}\" data-widget_type=\"posts.cards\">\n\t\t\t\t<div class=\"elementor-widget-container\">\n\t\t\t\t\t\t\t<div class=\"elementor-posts-container elementor-posts elementor-posts--skin-cards elementor-grid\" role=\"list\">\n\t\t\t\t<article class=\"elementor-post elementor-grid-item post-168 post type-post status-publish format-standard has-post-thumbnail hentry category-sin-categoria tag-esport tag-jocs-infantils tag-platja tag-volei\" role=\"listitem\">\n\t\t\t<div class=\"elementor-post__card\">\n\t\t\t\t<a class=\"elementor-post__thumbnail__link\" href=\"https:\/\/arenesbellpuig.com\/fr\/volei-platja-lesport-de-lestiu\/\" tabindex=\"-1\" ><div class=\"elementor-post__thumbnail\"><img fetchpriority=\"high\" decoding=\"async\" width=\"750\" height=\"360\" src=\"https:\/\/arenesbellpuig.com\/fr\/wp-content\/uploads\/sites\/4\/2019\/06\/volei-platja-arena.jpg\" class=\"attachment-full size-full wp-image-1988\" alt=\"\" srcset=\"https:\/\/arenesbellpuig.com\/fr\/wp-content\/uploads\/sites\/4\/2019\/06\/volei-platja-arena.jpg 750w, https:\/\/arenesbellpuig.com\/fr\/wp-content\/uploads\/sites\/4\/2019\/06\/volei-platja-arena-300x144.jpg 300w\" sizes=\"(max-width: 750px) 100vw, 750px\" \/><\/div><\/a>\n\t\t\t\t<div class=\"elementor-post__text\">\n\t\t\t\t<h2 class=\"elementor-post__title\">\n\t\t\t<a href=\"https:\/\/arenesbellpuig.com\/fr\/volei-platja-lesport-de-lestiu\/\" >\n\t\t\t\tBeach-volley, sport d&#8217;\u00e9t\u00e9\t\t\t<\/a>\n\t\t<\/h2>\n\t\t\t\t<div class=\"elementor-post__excerpt\">\n\t\t\t<p>L&#8217;engagement envers la qualit\u00e9 a fait de nos mat\u00e9riaux une r\u00e9f\u00e9rence dans de nombreux domaines. La polyvalence et la capacit\u00e9 \u00e0 \u00e9voluer nous ont permis<\/p>\n\t\t<\/div>\n\t\t\n\t\t<a class=\"elementor-post__read-more\" href=\"https:\/\/arenesbellpuig.com\/fr\/volei-platja-lesport-de-lestiu\/\" aria-label=\"Read more about Beach-volley, sport d&#8217;\u00e9t\u00e9\" tabindex=\"-1\" >\n\t\t\tLlegir &gt;\t\t<\/a>\n\n\t\t\t\t<\/div>\n\t\t\t\t\t<\/div>\n\t\t<\/article>\n\t\t\t\t<article class=\"elementor-post elementor-grid-item post-165 post type-post status-publish format-standard has-post-thumbnail hentry category-sin-categoria\" role=\"listitem\">\n\t\t\t<div class=\"elementor-post__card\">\n\t\t\t\t<a class=\"elementor-post__thumbnail__link\" href=\"https:\/\/arenesbellpuig.com\/fr\/renovem-flota-millorem-servei\/\" tabindex=\"-1\" ><div class=\"elementor-post__thumbnail\"><img decoding=\"async\" width=\"750\" height=\"360\" src=\"https:\/\/arenesbellpuig.com\/fr\/wp-content\/uploads\/sites\/4\/2019\/04\/nous-vehicles-arenes-bellpuig.jpg\" class=\"attachment-full size-full wp-image-1989\" alt=\"\" srcset=\"https:\/\/arenesbellpuig.com\/fr\/wp-content\/uploads\/sites\/4\/2019\/04\/nous-vehicles-arenes-bellpuig.jpg 750w, https:\/\/arenesbellpuig.com\/fr\/wp-content\/uploads\/sites\/4\/2019\/04\/nous-vehicles-arenes-bellpuig-300x144.jpg 300w\" sizes=\"(max-width: 750px) 100vw, 750px\" \/><\/div><\/a>\n\t\t\t\t<div class=\"elementor-post__text\">\n\t\t\t\t<h2 class=\"elementor-post__title\">\n\t\t\t<a href=\"https:\/\/arenesbellpuig.com\/fr\/renovem-flota-millorem-servei\/\" >\n\t\t\t\tNous renouvelons la flotte, am\u00e9liorons le service\t\t\t<\/a>\n\t\t<\/h2>\n\t\t\t\t<div class=\"elementor-post__excerpt\">\n\t\t\t<p>Depuis avril, cinq autres unit\u00e9s de transport, quatre tracteurs et un quatre essieux rigides sont en service afin de continuer \u00e0 offrir le meilleur service<\/p>\n\t\t<\/div>\n\t\t\n\t\t<a class=\"elementor-post__read-more\" href=\"https:\/\/arenesbellpuig.com\/fr\/renovem-flota-millorem-servei\/\" aria-label=\"Read more about Nous renouvelons la flotte, am\u00e9liorons le service\" tabindex=\"-1\" >\n\t\t\tLlegir &gt;\t\t<\/a>\n\n\t\t\t\t<\/div>\n\t\t\t\t\t<\/div>\n\t\t<\/article>\n\t\t\t\t<article class=\"elementor-post elementor-grid-item post-1 post type-post status-publish format-standard has-post-thumbnail hentry category-sin-categoria\" role=\"listitem\">\n\t\t\t<div class=\"elementor-post__card\">\n\t\t\t\t<a class=\"elementor-post__thumbnail__link\" href=\"https:\/\/arenesbellpuig.com\/fr\/nova-planta-fotovoltaica-de-182-85-kwp\/\" tabindex=\"-1\" ><div class=\"elementor-post__thumbnail\"><img decoding=\"async\" width=\"750\" height=\"360\" src=\"https:\/\/arenesbellpuig.com\/fr\/wp-content\/uploads\/sites\/4\/2019\/04\/planta-fotovoltaica-arenes-bellpuig.jpg\" class=\"attachment-full size-full wp-image-1992\" alt=\"\" srcset=\"https:\/\/arenesbellpuig.com\/fr\/wp-content\/uploads\/sites\/4\/2019\/04\/planta-fotovoltaica-arenes-bellpuig.jpg 750w, https:\/\/arenesbellpuig.com\/fr\/wp-content\/uploads\/sites\/4\/2019\/04\/planta-fotovoltaica-arenes-bellpuig-300x144.jpg 300w\" sizes=\"(max-width: 750px) 100vw, 750px\" \/><\/div><\/a>\n\t\t\t\t<div class=\"elementor-post__text\">\n\t\t\t\t<h2 class=\"elementor-post__title\">\n\t\t\t<a href=\"https:\/\/arenesbellpuig.com\/fr\/nova-planta-fotovoltaica-de-182-85-kwp\/\" >\n\t\t\t\tNouvelle centrale photovolta\u00efque de 182,85 kWc\t\t\t<\/a>\n\t\t<\/h2>\n\t\t\t\t<div class=\"elementor-post__excerpt\">\n\t\t\t<p>En s&#8217;engageant dans les \u00e9nergies renouvelables, ARENES BELLPUIG SL investit dans le photovolta\u00efque avec une installation de toiture compos\u00e9e de 690 panneaux polycristallins Canadian Solar<\/p>\n\t\t<\/div>\n\t\t\n\t\t<a class=\"elementor-post__read-more\" href=\"https:\/\/arenesbellpuig.com\/fr\/nova-planta-fotovoltaica-de-182-85-kwp\/\" aria-label=\"Read more about Nouvelle centrale photovolta\u00efque de 182,85 kWc\" tabindex=\"-1\" >\n\t\t\tLlegir &gt;\t\t<\/a>\n\n\t\t\t\t<\/div>\n\t\t\t\t\t<\/div>\n\t\t<\/article>\n\t\t\t\t<article class=\"elementor-post elementor-grid-item post-1860 post type-post status-publish format-standard has-post-thumbnail hentry category-sin-categoria tag-jocs-infantils tag-parcs-infantils\" role=\"listitem\">\n\t\t\t<div class=\"elementor-post__card\">\n\t\t\t\t<a class=\"elementor-post__thumbnail__link\" href=\"https:\/\/arenesbellpuig.com\/fr\/parcs-infantils-nosaltres-tambe\/\" tabindex=\"-1\" ><div class=\"elementor-post__thumbnail\"><img loading=\"lazy\" decoding=\"async\" width=\"750\" height=\"360\" src=\"https:\/\/arenesbellpuig.com\/fr\/wp-content\/uploads\/sites\/4\/2019\/06\/arena-parcs-infantils.jpg\" class=\"attachment-full size-full wp-image-1987\" alt=\"\" srcset=\"https:\/\/arenesbellpuig.com\/fr\/wp-content\/uploads\/sites\/4\/2019\/06\/arena-parcs-infantils.jpg 750w, https:\/\/arenesbellpuig.com\/fr\/wp-content\/uploads\/sites\/4\/2019\/06\/arena-parcs-infantils-300x144.jpg 300w\" sizes=\"(max-width: 750px) 100vw, 750px\" \/><\/div><\/a>\n\t\t\t\t<div class=\"elementor-post__text\">\n\t\t\t\t<h2 class=\"elementor-post__title\">\n\t\t\t<a href=\"https:\/\/arenesbellpuig.com\/fr\/parcs-infantils-nosaltres-tambe\/\" >\n\t\t\t\tDe quel sable remplissons-nous le sable?\t\t\t<\/a>\n\t\t<\/h2>\n\t\t\t\t<div class=\"elementor-post__excerpt\">\n\t\t\t<p>C&#8217;est la question souvent pos\u00e9e par les responsables de l&#8217;entretien ou de la construction des aires de jeux pour enfants. Dans cette application, la qualit\u00e9<\/p>\n\t\t<\/div>\n\t\t\n\t\t<a class=\"elementor-post__read-more\" href=\"https:\/\/arenesbellpuig.com\/fr\/parcs-infantils-nosaltres-tambe\/\" aria-label=\"Read more about De quel sable remplissons-nous le sable?\" tabindex=\"-1\" >\n\t\t\tLlegir &gt;\t\t<\/a>\n\n\t\t\t\t<\/div>\n\t\t\t\t\t<\/div>\n\t\t<\/article>\n\t\t\t\t<article class=\"elementor-post elementor-grid-item post-1981 post type-post status-publish format-standard has-post-thumbnail hentry category-sin-categoria\" role=\"listitem\">\n\t\t\t<div class=\"elementor-post__card\">\n\t\t\t\t<a class=\"elementor-post__thumbnail__link\" href=\"https:\/\/arenesbellpuig.com\/fr\/arena-de-soleres\/\" tabindex=\"-1\" ><div class=\"elementor-post__thumbnail\"><img loading=\"lazy\" decoding=\"async\" width=\"1501\" height=\"1638\" src=\"https:\/\/arenesbellpuig.com\/fr\/wp-content\/uploads\/sites\/4\/2019\/07\/soleres-recrescuts.jpg\" class=\"attachment-full size-full wp-image-2093\" alt=\"\" srcset=\"https:\/\/arenesbellpuig.com\/fr\/wp-content\/uploads\/sites\/4\/2019\/07\/soleres-recrescuts.jpg 1501w, https:\/\/arenesbellpuig.com\/fr\/wp-content\/uploads\/sites\/4\/2019\/07\/soleres-recrescuts-275x300.jpg 275w, https:\/\/arenesbellpuig.com\/fr\/wp-content\/uploads\/sites\/4\/2019\/07\/soleres-recrescuts-768x838.jpg 768w, https:\/\/arenesbellpuig.com\/fr\/wp-content\/uploads\/sites\/4\/2019\/07\/soleres-recrescuts-938x1024.jpg 938w\" sizes=\"(max-width: 1501px) 100vw, 1501px\" \/><\/div><\/a>\n\t\t\t\t<div class=\"elementor-post__text\">\n\t\t\t\t<h2 class=\"elementor-post__title\">\n\t\t\t<a href=\"https:\/\/arenesbellpuig.com\/fr\/arena-de-soleres\/\" >\n\t\t\t\tRepousses de mortier semi-sec\t\t\t<\/a>\n\t\t<\/h2>\n\t\t\t\t<div class=\"elementor-post__excerpt\">\n\t\t\t<p>Le sable &#8220;soleres&#8221; ou &#8220;recrescuts&#8221; est un mat\u00e9riau sp\u00e9cialement con\u00e7u pour la production sur site de mortiers semi-secs pompables, auxquels seuls du ciment et une<\/p>\n\t\t<\/div>\n\t\t\n\t\t<a class=\"elementor-post__read-more\" href=\"https:\/\/arenesbellpuig.com\/fr\/arena-de-soleres\/\" aria-label=\"Read more about Repousses de mortier semi-sec\" tabindex=\"-1\" >\n\t\t\tLlegir &gt;\t\t<\/a>\n\n\t\t\t\t<\/div>\n\t\t\t\t\t<\/div>\n\t\t<\/article>\n\t\t\t\t<article class=\"elementor-post elementor-grid-item post-1864 post type-post status-publish format-standard has-post-thumbnail hentry category-sin-categoria tag-grout_fluid\" role=\"listitem\">\n\t\t\t<div class=\"elementor-post__card\">\n\t\t\t\t<a class=\"elementor-post__thumbnail__link\" href=\"https:\/\/arenesbellpuig.com\/fr\/nou-producte-morter-grout\/\" tabindex=\"-1\" ><div class=\"elementor-post__thumbnail\"><img loading=\"lazy\" decoding=\"async\" width=\"750\" height=\"360\" src=\"https:\/\/arenesbellpuig.com\/fr\/wp-content\/uploads\/sites\/4\/2019\/07\/morter-grout-arenes-bellpuig.jpg\" class=\"attachment-full size-full wp-image-1985\" alt=\"\" srcset=\"https:\/\/arenesbellpuig.com\/fr\/wp-content\/uploads\/sites\/4\/2019\/07\/morter-grout-arenes-bellpuig.jpg 750w, https:\/\/arenesbellpuig.com\/fr\/wp-content\/uploads\/sites\/4\/2019\/07\/morter-grout-arenes-bellpuig-300x144.jpg 300w\" sizes=\"(max-width: 750px) 100vw, 750px\" \/><\/div><\/a>\n\t\t\t\t<div class=\"elementor-post__text\">\n\t\t\t\t<h2 class=\"elementor-post__title\">\n\t\t\t<a href=\"https:\/\/arenesbellpuig.com\/fr\/nou-producte-morter-grout\/\" >\n\t\t\t\tQu&#8217;est-ce que le mortier &#8220;Grout&#8221;?\t\t\t<\/a>\n\t\t<\/h2>\n\t\t\t\t<div class=\"elementor-post__excerpt\">\n\t\t\t<p>Pour certaines applications, telles que la mise en place d&#8217;ancrages, de bases de r\u00e9servoirs, de bancs de machines, la mise en place de b\u00e9ton standard<\/p>\n\t\t<\/div>\n\t\t\n\t\t<a class=\"elementor-post__read-more\" href=\"https:\/\/arenesbellpuig.com\/fr\/nou-producte-morter-grout\/\" aria-label=\"Read more about Qu&#8217;est-ce que le mortier &#8220;Grout&#8221;?\" tabindex=\"-1\" >\n\t\t\tLlegir &gt;\t\t<\/a>\n\n\t\t\t\t<\/div>\n\t\t\t\t\t<\/div>\n\t\t<\/article>\n\t\t\t\t<\/div>\n\t\t\n\t\t\t\t\t\t<\/div>\n\t\t\t\t<\/div>\n\t\t\t\t\t<\/div>\n\t\t<\/div>\n\t\t\t\t\t<\/div>\n\t\t<\/section>\n\t\t\t\t<\/div>\n\t\t","protected":false},"excerpt":{"rendered":"<p>Nouvelles d\u2019Arenes Bellpuig RETROUVEZ LES DERNI\u00c8RES NOUVELLES RELATIVES AUX AR\u00c9NAS BELLPUIG ET \u00c0 NOTRE SECTEUR INDUSTRIEL Retrouvez les derni\u00e8res Novetatas ici! D\u00e9couvrez les derni\u00e8res nouvelles dans le secteur des agr\u00e9gats, de l\u2019industrie et de la construction. Sachez tr\u00e8s pr\u00e8s de notre activit\u00e9, des derniers projets et des \u00e9v\u00e9nements dans lequel nous participons.<\/p>\n","protected":false},"author":1,"featured_media":0,"parent":0,"menu_order":0,"comment_status":"closed","ping_status":"closed","template":"elementor_header_footer","meta":{"_acf_changed":false,"_monsterinsights_skip_tracking":false,"_monsterinsights_sitenote_active":false,"_monsterinsights_sitenote_note":"","_monsterinsights_sitenote_category":0,"footnotes":""},"class_list":["post-896","page","type-page","status-publish","hentry"],"acf":[],"yoast_head":"<!-- This site is optimized with the Yoast SEO plugin v27.3 - https:\/\/yoast.com\/product\/yoast-seo-wordpress\/ -->\n<title>Not\u00edcies - Arenes Bellpuig FR<\/title>\n<meta name=\"description\" content=\"Coneix m\u00e9s de prop la nostra activitat, els nostres \u00faltims projectes i mantingue&#039;t al dia del m\u00f3n dels \u00e0rids, la ind\u00fastria i la construcci\u00f3.\" \/>\n<meta name=\"robots\" content=\"index, follow, max-snippet:-1, max-image-preview:large, max-video-preview:-1\" \/>\n<link rel=\"canonical\" href=\"https:\/\/arenesbellpuig.com\/fr\/nouvelles\/\" \/>\n<meta property=\"og:locale\" content=\"ca_ES\" \/>\n<meta property=\"og:type\" content=\"article\" \/>\n<meta property=\"og:title\" content=\"Not\u00edcies - Arenes Bellpuig FR\" \/>\n<meta property=\"og:description\" content=\"Coneix m\u00e9s de prop la nostra activitat, els nostres \u00faltims projectes i mantingue&#039;t al dia del m\u00f3n dels \u00e0rids, la ind\u00fastria i la construcci\u00f3.\" \/>\n<meta property=\"og:url\" content=\"https:\/\/arenesbellpuig.com\/fr\/nouvelles\/\" \/>\n<meta property=\"og:site_name\" content=\"Arenes Bellpuig FR\" \/>\n<meta property=\"article:modified_time\" content=\"2023-06-19T14:33:30+00:00\" \/>\n<meta name=\"twitter:card\" content=\"summary_large_image\" \/>\n<meta name=\"twitter:label1\" content=\"Temps estimat de lectura\" \/>\n\t<meta name=\"twitter:data1\" content=\"3 minuts\" \/>\n<script type=\"application\/ld+json\" class=\"yoast-schema-graph\">{\"@context\":\"https:\\\/\\\/schema.org\",\"@graph\":[{\"@type\":\"WebPage\",\"@id\":\"https:\\\/\\\/arenesbellpuig.com\\\/fr\\\/nouvelles\\\/\",\"url\":\"https:\\\/\\\/arenesbellpuig.com\\\/fr\\\/nouvelles\\\/\",\"name\":\"Not\u00edcies - Arenes Bellpuig FR\",\"isPartOf\":{\"@id\":\"https:\\\/\\\/arenesbellpuig.com\\\/fr\\\/#website\"},\"datePublished\":\"2019-04-15T07:45:07+00:00\",\"dateModified\":\"2023-06-19T14:33:30+00:00\",\"description\":\"Coneix m\u00e9s de prop la nostra activitat, els nostres \u00faltims projectes i mantingue't al dia del m\u00f3n dels \u00e0rids, la ind\u00fastria i la construcci\u00f3.\",\"breadcrumb\":{\"@id\":\"https:\\\/\\\/arenesbellpuig.com\\\/fr\\\/nouvelles\\\/#breadcrumb\"},\"inLanguage\":\"ca\",\"potentialAction\":[{\"@type\":\"ReadAction\",\"target\":[\"https:\\\/\\\/arenesbellpuig.com\\\/fr\\\/nouvelles\\\/\"]}]},{\"@type\":\"BreadcrumbList\",\"@id\":\"https:\\\/\\\/arenesbellpuig.com\\\/fr\\\/nouvelles\\\/#breadcrumb\",\"itemListElement\":[{\"@type\":\"ListItem\",\"position\":1,\"name\":\"Portada\",\"item\":\"https:\\\/\\\/arenesbellpuig.com\\\/fr\\\/\"},{\"@type\":\"ListItem\",\"position\":2,\"name\":\"NOUVELLES\"}]},{\"@type\":\"WebSite\",\"@id\":\"https:\\\/\\\/arenesbellpuig.com\\\/fr\\\/#website\",\"url\":\"https:\\\/\\\/arenesbellpuig.com\\\/fr\\\/\",\"name\":\"Arenes Bellpuig FR\",\"description\":\"\u00c0rids i Morter\",\"publisher\":{\"@id\":\"https:\\\/\\\/arenesbellpuig.com\\\/fr\\\/#organization\"},\"potentialAction\":[{\"@type\":\"SearchAction\",\"target\":{\"@type\":\"EntryPoint\",\"urlTemplate\":\"https:\\\/\\\/arenesbellpuig.com\\\/fr\\\/?s={search_term_string}\"},\"query-input\":{\"@type\":\"PropertyValueSpecification\",\"valueRequired\":true,\"valueName\":\"search_term_string\"}}],\"inLanguage\":\"ca\"},{\"@type\":\"Organization\",\"@id\":\"https:\\\/\\\/arenesbellpuig.com\\\/fr\\\/#organization\",\"name\":\"Arenes Bellpuig FR\",\"url\":\"https:\\\/\\\/arenesbellpuig.com\\\/fr\\\/\",\"logo\":{\"@type\":\"ImageObject\",\"inLanguage\":\"ca\",\"@id\":\"https:\\\/\\\/arenesbellpuig.com\\\/fr\\\/#\\\/schema\\\/logo\\\/image\\\/\",\"url\":\"https:\\\/\\\/arenesbellpuig.com\\\/fr\\\/wp-content\\\/uploads\\\/sites\\\/4\\\/2023\\\/06\\\/cropped-00.-ARENES-BELLPUIG-1.png\",\"contentUrl\":\"https:\\\/\\\/arenesbellpuig.com\\\/fr\\\/wp-content\\\/uploads\\\/sites\\\/4\\\/2023\\\/06\\\/cropped-00.-ARENES-BELLPUIG-1.png\",\"width\":400,\"height\":129,\"caption\":\"Arenes Bellpuig FR\"},\"image\":{\"@id\":\"https:\\\/\\\/arenesbellpuig.com\\\/fr\\\/#\\\/schema\\\/logo\\\/image\\\/\"}}]}<\/script>\n<!-- \/ Yoast SEO plugin. -->","yoast_head_json":{"title":"Not\u00edcies - Arenes Bellpuig FR","description":"Coneix m\u00e9s de prop la nostra activitat, els nostres \u00faltims projectes i mantingue't al dia del m\u00f3n dels \u00e0rids, la ind\u00fastria i la construcci\u00f3.","robots":{"index":"index","follow":"follow","max-snippet":"max-snippet:-1","max-image-preview":"max-image-preview:large","max-video-preview":"max-video-preview:-1"},"canonical":"https:\/\/arenesbellpuig.com\/fr\/nouvelles\/","og_locale":"ca_ES","og_type":"article","og_title":"Not\u00edcies - Arenes Bellpuig FR","og_description":"Coneix m\u00e9s de prop la nostra activitat, els nostres \u00faltims projectes i mantingue't al dia del m\u00f3n dels \u00e0rids, la ind\u00fastria i la construcci\u00f3.","og_url":"https:\/\/arenesbellpuig.com\/fr\/nouvelles\/","og_site_name":"Arenes Bellpuig FR","article_modified_time":"2023-06-19T14:33:30+00:00","twitter_card":"summary_large_image","twitter_misc":{"Temps estimat de lectura":"3 minuts"},"schema":{"@context":"https:\/\/schema.org","@graph":[{"@type":"WebPage","@id":"https:\/\/arenesbellpuig.com\/fr\/nouvelles\/","url":"https:\/\/arenesbellpuig.com\/fr\/nouvelles\/","name":"Not\u00edcies - Arenes Bellpuig FR","isPartOf":{"@id":"https:\/\/arenesbellpuig.com\/fr\/#website"},"datePublished":"2019-04-15T07:45:07+00:00","dateModified":"2023-06-19T14:33:30+00:00","description":"Coneix m\u00e9s de prop la nostra activitat, els nostres \u00faltims projectes i mantingue't al dia del m\u00f3n dels \u00e0rids, la ind\u00fastria i la construcci\u00f3.","breadcrumb":{"@id":"https:\/\/arenesbellpuig.com\/fr\/nouvelles\/#breadcrumb"},"inLanguage":"ca","potentialAction":[{"@type":"ReadAction","target":["https:\/\/arenesbellpuig.com\/fr\/nouvelles\/"]}]},{"@type":"BreadcrumbList","@id":"https:\/\/arenesbellpuig.com\/fr\/nouvelles\/#breadcrumb","itemListElement":[{"@type":"ListItem","position":1,"name":"Portada","item":"https:\/\/arenesbellpuig.com\/fr\/"},{"@type":"ListItem","position":2,"name":"NOUVELLES"}]},{"@type":"WebSite","@id":"https:\/\/arenesbellpuig.com\/fr\/#website","url":"https:\/\/arenesbellpuig.com\/fr\/","name":"Arenes Bellpuig FR","description":"\u00c0rids i Morter","publisher":{"@id":"https:\/\/arenesbellpuig.com\/fr\/#organization"},"potentialAction":[{"@type":"SearchAction","target":{"@type":"EntryPoint","urlTemplate":"https:\/\/arenesbellpuig.com\/fr\/?s={search_term_string}"},"query-input":{"@type":"PropertyValueSpecification","valueRequired":true,"valueName":"search_term_string"}}],"inLanguage":"ca"},{"@type":"Organization","@id":"https:\/\/arenesbellpuig.com\/fr\/#organization","name":"Arenes Bellpuig FR","url":"https:\/\/arenesbellpuig.com\/fr\/","logo":{"@type":"ImageObject","inLanguage":"ca","@id":"https:\/\/arenesbellpuig.com\/fr\/#\/schema\/logo\/image\/","url":"https:\/\/arenesbellpuig.com\/fr\/wp-content\/uploads\/sites\/4\/2023\/06\/cropped-00.-ARENES-BELLPUIG-1.png","contentUrl":"https:\/\/arenesbellpuig.com\/fr\/wp-content\/uploads\/sites\/4\/2023\/06\/cropped-00.-ARENES-BELLPUIG-1.png","width":400,"height":129,"caption":"Arenes Bellpuig FR"},"image":{"@id":"https:\/\/arenesbellpuig.com\/fr\/#\/schema\/logo\/image\/"}}]}},"_links":{"self":[{"href":"https:\/\/arenesbellpuig.com\/fr\/wp-json\/wp\/v2\/pages\/896","targetHints":{"allow":["GET"]}}],"collection":[{"href":"https:\/\/arenesbellpuig.com\/fr\/wp-json\/wp\/v2\/pages"}],"about":[{"href":"https:\/\/arenesbellpuig.com\/fr\/wp-json\/wp\/v2\/types\/page"}],"author":[{"embeddable":true,"href":"https:\/\/arenesbellpuig.com\/fr\/wp-json\/wp\/v2\/users\/1"}],"replies":[{"embeddable":true,"href":"https:\/\/arenesbellpuig.com\/fr\/wp-json\/wp\/v2\/comments?post=896"}],"version-history":[{"count":23,"href":"https:\/\/arenesbellpuig.com\/fr\/wp-json\/wp\/v2\/pages\/896\/revisions"}],"predecessor-version":[{"id":2753,"href":"https:\/\/arenesbellpuig.com\/fr\/wp-json\/wp\/v2\/pages\/896\/revisions\/2753"}],"wp:attachment":[{"href":"https:\/\/arenesbellpuig.com\/fr\/wp-json\/wp\/v2\/media?parent=896"}],"curies":[{"name":"wp","href":"https:\/\/api.w.org\/{rel}","templated":true}]}}