{"id":668,"date":"2019-04-09T14:56:53","date_gmt":"2019-04-09T14:56:53","guid":{"rendered":"http:\/\/arenesbellpuig.com\/?page_id=668"},"modified":"2020-04-29T08:11:40","modified_gmt":"2020-04-29T08:11:40","slug":"beton","status":"publish","type":"page","link":"https:\/\/arenesbellpuig.com\/fr\/beton\/","title":{"rendered":"B\u00e9ton"},"content":{"rendered":"\t\t<div data-elementor-type=\"wp-post\" data-elementor-id=\"668\" class=\"elementor elementor-668\" data-elementor-post-type=\"page\">\n\t\t\t\t\t\t<section class=\"elementor-section elementor-top-section elementor-element elementor-element-1a60cc79 elementor-section-stretched elementor-section-full_width elementor-section-height-min-height elementor-section-height-default elementor-section-items-middle\" data-id=\"1a60cc79\" data-element_type=\"section\" data-e-type=\"section\" data-settings=\"{&quot;stretch_section&quot;:&quot;section-stretched&quot;,&quot;background_background&quot;:&quot;classic&quot;}\">\n\t\t\t\t\t\t\t<div class=\"elementor-background-overlay\"><\/div>\n\t\t\t\t\t\t\t<div class=\"elementor-container elementor-column-gap-default\">\n\t\t\t\t\t<div class=\"elementor-column elementor-col-100 elementor-top-column elementor-element elementor-element-9b56a84\" data-id=\"9b56a84\" data-element_type=\"column\" data-e-type=\"column\">\n\t\t\t<div class=\"elementor-widget-wrap elementor-element-populated\">\n\t\t\t\t\t\t<div class=\"elementor-element elementor-element-3dc100df elementor-widget elementor-widget-heading\" data-id=\"3dc100df\" data-element_type=\"widget\" data-e-type=\"widget\" data-widget_type=\"heading.default\">\n\t\t\t\t<div class=\"elementor-widget-container\">\n\t\t\t\t\t<h1 class=\"elementor-heading-title elementor-size-default\">B\u00e9ton sp\u00e9cial pour la construction<\/h1>\t\t\t\t<\/div>\n\t\t\t\t<\/div>\n\t\t\t\t\t<\/div>\n\t\t<\/div>\n\t\t\t\t\t<\/div>\n\t\t<\/section>\n\t\t\t\t<section class=\"elementor-section elementor-top-section elementor-element elementor-element-1bd9f31 elementor-section-full_width elementor-section-height-default elementor-section-height-default\" data-id=\"1bd9f31\" data-element_type=\"section\" data-e-type=\"section\" data-settings=\"{&quot;background_background&quot;:&quot;classic&quot;}\">\n\t\t\t\t\t\t<div class=\"elementor-container elementor-column-gap-default\">\n\t\t\t\t\t<div class=\"elementor-column elementor-col-100 elementor-top-column elementor-element elementor-element-19a15cca\" data-id=\"19a15cca\" data-element_type=\"column\" data-e-type=\"column\">\n\t\t\t<div class=\"elementor-widget-wrap elementor-element-populated\">\n\t\t\t\t\t\t<div class=\"elementor-element elementor-element-646c002a elementor-icon-list--layout-inline elementor-align-start elementor-mobile-align-center elementor-tablet-align-center elementor-list-item-link-full_width elementor-widget elementor-widget-icon-list\" data-id=\"646c002a\" data-element_type=\"widget\" data-e-type=\"widget\" data-widget_type=\"icon-list.default\">\n\t\t\t\t<div class=\"elementor-widget-container\">\n\t\t\t\t\t\t\t<ul class=\"elementor-icon-list-items elementor-inline-items\">\n\t\t\t\t\t\t\t<li class=\"elementor-icon-list-item elementor-inline-item\">\n\t\t\t\t\t\t\t\t\t\t\t<a href=\"https:\/\/arenesbellpuig.com\/fr\/agregats\/\">\n\n\t\t\t\t\t\t\t\t\t\t\t<span class=\"elementor-icon-list-text\">AGR\u00c9GATS<\/span>\n\t\t\t\t\t\t\t\t\t\t\t<\/a>\n\t\t\t\t\t\t\t\t\t<\/li>\n\t\t\t\t\t\t\t\t<li class=\"elementor-icon-list-item elementor-inline-item\">\n\t\t\t\t\t\t\t\t\t\t\t<a href=\"https:\/\/arenesbellpuig.com\/fr\/mortiers\/\">\n\n\t\t\t\t\t\t\t\t\t\t\t<span class=\"elementor-icon-list-text\">MORTIER<\/span>\n\t\t\t\t\t\t\t\t\t\t\t<\/a>\n\t\t\t\t\t\t\t\t\t<\/li>\n\t\t\t\t\t\t<\/ul>\n\t\t\t\t\t\t<\/div>\n\t\t\t\t<\/div>\n\t\t\t\t\t<\/div>\n\t\t<\/div>\n\t\t\t\t\t<\/div>\n\t\t<\/section>\n\t\t\t\t<section class=\"elementor-section elementor-top-section elementor-element elementor-element-2f82432c elementor-section-stretched elementor-section-boxed elementor-section-height-default elementor-section-height-default\" data-id=\"2f82432c\" data-element_type=\"section\" data-e-type=\"section\" data-settings=\"{&quot;stretch_section&quot;:&quot;section-stretched&quot;,&quot;background_background&quot;:&quot;classic&quot;}\">\n\t\t\t\t\t\t<div class=\"elementor-container elementor-column-gap-default\">\n\t\t\t\t\t<div class=\"elementor-column elementor-col-100 elementor-top-column elementor-element elementor-element-3b1ed501\" data-id=\"3b1ed501\" data-element_type=\"column\" data-e-type=\"column\">\n\t\t\t<div class=\"elementor-widget-wrap elementor-element-populated\">\n\t\t\t\t\t\t<div class=\"elementor-element elementor-element-13e85d0e elementor-widget elementor-widget-heading\" data-id=\"13e85d0e\" data-element_type=\"widget\" data-e-type=\"widget\" data-widget_type=\"heading.default\">\n\t\t\t\t<div class=\"elementor-widget-container\">\n\t\t\t\t\t<h2 class=\"elementor-heading-title elementor-size-default\">D\u00e9couvrez toutes les vari\u00e9t\u00e9s de b\u00e9ton que nous pouvons vous offrir<\/h2>\t\t\t\t<\/div>\n\t\t\t\t<\/div>\n\t\t\t\t<div class=\"elementor-element elementor-element-7140608e elementor-widget elementor-widget-text-editor\" data-id=\"7140608e\" data-element_type=\"widget\" data-e-type=\"widget\" data-widget_type=\"text-editor.default\">\n\t\t\t\t<div class=\"elementor-widget-container\">\n\t\t\t\t\t\t\t\t\t<p>Le b\u00e9ton est le mat\u00e9riau le plus utilis\u00e9 dans le secteur de la construction. A Arenes Bellpuig Nous fabriquons \u00e9galement du b\u00e9ton sec de la plus haute qualit\u00e9 et de la plus haute performance, parfait pour tous les types de travaux de construction, de travaux publics et de r\u00e9habilitation.<\/p>\t\t\t\t\t\t\t\t<\/div>\n\t\t\t\t<\/div>\n\t\t\t\t\t<\/div>\n\t\t<\/div>\n\t\t\t\t\t<\/div>\n\t\t<\/section>\n\t\t\t\t<section class=\"elementor-section elementor-top-section elementor-element elementor-element-63cb6a1 elementor-section-stretched elementor-section-height-min-height elementor-section-items-top elementor-section-boxed elementor-section-height-default\" data-id=\"63cb6a1\" data-element_type=\"section\" data-e-type=\"section\" data-settings=\"{&quot;stretch_section&quot;:&quot;section-stretched&quot;,&quot;background_background&quot;:&quot;classic&quot;}\">\n\t\t\t\t\t\t<div class=\"elementor-container elementor-column-gap-default\">\n\t\t\t\t\t<div class=\"elementor-column elementor-col-100 elementor-top-column elementor-element elementor-element-5d8d8421 animated-slow elementor-invisible\" data-id=\"5d8d8421\" data-element_type=\"column\" data-e-type=\"column\" data-settings=\"{&quot;animation&quot;:&quot;fadeInRight&quot;}\">\n\t\t\t<div class=\"elementor-widget-wrap\">\n\t\t\t\t\t\t\t<\/div>\n\t\t<\/div>\n\t\t\t\t\t<\/div>\n\t\t<\/section>\n\t\t\t\t<\/div>\n\t\t","protected":false},"excerpt":{"rendered":"<p>B\u00e9ton sp\u00e9cial pour la construction AGR\u00c9GATS MORTIER D\u00e9couvrez toutes les vari\u00e9t\u00e9s de b\u00e9ton que nous pouvons vous offrir Le b\u00e9ton est le mat\u00e9riau le plus utilis\u00e9 dans le secteur de la construction. A Arenes Bellpuig Nous fabriquons \u00e9galement du b\u00e9ton sec de la plus haute qualit\u00e9 et de la plus haute performance, parfait pour tous &#8230; <a title=\"B\u00e9ton\" class=\"read-more\" href=\"https:\/\/arenesbellpuig.com\/fr\/beton\/\" aria-label=\"M\u00e9s informaci\u00f3 sobre B\u00e9ton\">Llegiu m\u00e9s<\/a><\/p>\n","protected":false},"author":1,"featured_media":0,"parent":0,"menu_order":0,"comment_status":"closed","ping_status":"closed","template":"elementor_header_footer","meta":{"_acf_changed":false,"_monsterinsights_skip_tracking":false,"_monsterinsights_sitenote_active":false,"_monsterinsights_sitenote_note":"","_monsterinsights_sitenote_category":0,"footnotes":""},"class_list":["post-668","page","type-page","status-publish"],"acf":[],"yoast_head":"<!-- This site is optimized with the Yoast SEO plugin v27.3 - https:\/\/yoast.com\/product\/yoast-seo-wordpress\/ -->\n<title>Formig\u00f3 especial per a edificaci\u00f3 - Arenes Bellpuig FR<\/title>\n<meta name=\"description\" content=\"Arenes Bellpuig fabrica formig\u00f3 sec de la m\u00e0xima qualitat i rendiment. Ideal per a tota mena de treballs d&#039;edificaci\u00f3, obra civil i rehabilitaci\u00f3.\" \/>\n<meta name=\"robots\" content=\"index, follow, max-snippet:-1, max-image-preview:large, max-video-preview:-1\" \/>\n<link rel=\"canonical\" href=\"https:\/\/arenesbellpuig.com\/fr\/beton\/\" \/>\n<meta property=\"og:locale\" content=\"ca_ES\" \/>\n<meta property=\"og:type\" content=\"article\" \/>\n<meta property=\"og:title\" content=\"Formig\u00f3 especial per a edificaci\u00f3 - Arenes Bellpuig FR\" \/>\n<meta property=\"og:description\" content=\"Arenes Bellpuig fabrica formig\u00f3 sec de la m\u00e0xima qualitat i rendiment. Ideal per a tota mena de treballs d&#039;edificaci\u00f3, obra civil i rehabilitaci\u00f3.\" \/>\n<meta property=\"og:url\" content=\"https:\/\/arenesbellpuig.com\/fr\/beton\/\" \/>\n<meta property=\"og:site_name\" content=\"Arenes Bellpuig FR\" \/>\n<meta property=\"article:modified_time\" content=\"2020-04-29T08:11:40+00:00\" \/>\n<meta name=\"twitter:card\" content=\"summary_large_image\" \/>\n<script type=\"application\/ld+json\" class=\"yoast-schema-graph\">{\"@context\":\"https:\\\/\\\/schema.org\",\"@graph\":[{\"@type\":\"WebPage\",\"@id\":\"https:\\\/\\\/arenesbellpuig.com\\\/fr\\\/beton\\\/\",\"url\":\"https:\\\/\\\/arenesbellpuig.com\\\/fr\\\/beton\\\/\",\"name\":\"Formig\u00f3 especial per a edificaci\u00f3 - Arenes Bellpuig FR\",\"isPartOf\":{\"@id\":\"https:\\\/\\\/arenesbellpuig.com\\\/fr\\\/#website\"},\"datePublished\":\"2019-04-09T14:56:53+00:00\",\"dateModified\":\"2020-04-29T08:11:40+00:00\",\"description\":\"Arenes Bellpuig fabrica formig\u00f3 sec de la m\u00e0xima qualitat i rendiment. Ideal per a tota mena de treballs d'edificaci\u00f3, obra civil i rehabilitaci\u00f3.\",\"breadcrumb\":{\"@id\":\"https:\\\/\\\/arenesbellpuig.com\\\/fr\\\/beton\\\/#breadcrumb\"},\"inLanguage\":\"ca\",\"potentialAction\":[{\"@type\":\"ReadAction\",\"target\":[\"https:\\\/\\\/arenesbellpuig.com\\\/fr\\\/beton\\\/\"]}]},{\"@type\":\"BreadcrumbList\",\"@id\":\"https:\\\/\\\/arenesbellpuig.com\\\/fr\\\/beton\\\/#breadcrumb\",\"itemListElement\":[{\"@type\":\"ListItem\",\"position\":1,\"name\":\"Portada\",\"item\":\"https:\\\/\\\/arenesbellpuig.com\\\/fr\\\/\"},{\"@type\":\"ListItem\",\"position\":2,\"name\":\"B\u00e9ton\"}]},{\"@type\":\"WebSite\",\"@id\":\"https:\\\/\\\/arenesbellpuig.com\\\/fr\\\/#website\",\"url\":\"https:\\\/\\\/arenesbellpuig.com\\\/fr\\\/\",\"name\":\"Arenes Bellpuig FR\",\"description\":\"\u00c0rids i Morter\",\"publisher\":{\"@id\":\"https:\\\/\\\/arenesbellpuig.com\\\/fr\\\/#organization\"},\"potentialAction\":[{\"@type\":\"SearchAction\",\"target\":{\"@type\":\"EntryPoint\",\"urlTemplate\":\"https:\\\/\\\/arenesbellpuig.com\\\/fr\\\/?s={search_term_string}\"},\"query-input\":{\"@type\":\"PropertyValueSpecification\",\"valueRequired\":true,\"valueName\":\"search_term_string\"}}],\"inLanguage\":\"ca\"},{\"@type\":\"Organization\",\"@id\":\"https:\\\/\\\/arenesbellpuig.com\\\/fr\\\/#organization\",\"name\":\"Arenes Bellpuig FR\",\"url\":\"https:\\\/\\\/arenesbellpuig.com\\\/fr\\\/\",\"logo\":{\"@type\":\"ImageObject\",\"inLanguage\":\"ca\",\"@id\":\"https:\\\/\\\/arenesbellpuig.com\\\/fr\\\/#\\\/schema\\\/logo\\\/image\\\/\",\"url\":\"https:\\\/\\\/arenesbellpuig.com\\\/fr\\\/wp-content\\\/uploads\\\/sites\\\/4\\\/2023\\\/06\\\/cropped-00.-ARENES-BELLPUIG-1.png\",\"contentUrl\":\"https:\\\/\\\/arenesbellpuig.com\\\/fr\\\/wp-content\\\/uploads\\\/sites\\\/4\\\/2023\\\/06\\\/cropped-00.-ARENES-BELLPUIG-1.png\",\"width\":400,\"height\":129,\"caption\":\"Arenes Bellpuig FR\"},\"image\":{\"@id\":\"https:\\\/\\\/arenesbellpuig.com\\\/fr\\\/#\\\/schema\\\/logo\\\/image\\\/\"}}]}<\/script>\n<!-- \/ Yoast SEO plugin. -->","yoast_head_json":{"title":"Formig\u00f3 especial per a edificaci\u00f3 - Arenes Bellpuig FR","description":"Arenes Bellpuig fabrica formig\u00f3 sec de la m\u00e0xima qualitat i rendiment. Ideal per a tota mena de treballs d'edificaci\u00f3, obra civil i rehabilitaci\u00f3.","robots":{"index":"index","follow":"follow","max-snippet":"max-snippet:-1","max-image-preview":"max-image-preview:large","max-video-preview":"max-video-preview:-1"},"canonical":"https:\/\/arenesbellpuig.com\/fr\/beton\/","og_locale":"ca_ES","og_type":"article","og_title":"Formig\u00f3 especial per a edificaci\u00f3 - Arenes Bellpuig FR","og_description":"Arenes Bellpuig fabrica formig\u00f3 sec de la m\u00e0xima qualitat i rendiment. Ideal per a tota mena de treballs d'edificaci\u00f3, obra civil i rehabilitaci\u00f3.","og_url":"https:\/\/arenesbellpuig.com\/fr\/beton\/","og_site_name":"Arenes Bellpuig FR","article_modified_time":"2020-04-29T08:11:40+00:00","twitter_card":"summary_large_image","schema":{"@context":"https:\/\/schema.org","@graph":[{"@type":"WebPage","@id":"https:\/\/arenesbellpuig.com\/fr\/beton\/","url":"https:\/\/arenesbellpuig.com\/fr\/beton\/","name":"Formig\u00f3 especial per a edificaci\u00f3 - Arenes Bellpuig FR","isPartOf":{"@id":"https:\/\/arenesbellpuig.com\/fr\/#website"},"datePublished":"2019-04-09T14:56:53+00:00","dateModified":"2020-04-29T08:11:40+00:00","description":"Arenes Bellpuig fabrica formig\u00f3 sec de la m\u00e0xima qualitat i rendiment. Ideal per a tota mena de treballs d'edificaci\u00f3, obra civil i rehabilitaci\u00f3.","breadcrumb":{"@id":"https:\/\/arenesbellpuig.com\/fr\/beton\/#breadcrumb"},"inLanguage":"ca","potentialAction":[{"@type":"ReadAction","target":["https:\/\/arenesbellpuig.com\/fr\/beton\/"]}]},{"@type":"BreadcrumbList","@id":"https:\/\/arenesbellpuig.com\/fr\/beton\/#breadcrumb","itemListElement":[{"@type":"ListItem","position":1,"name":"Portada","item":"https:\/\/arenesbellpuig.com\/fr\/"},{"@type":"ListItem","position":2,"name":"B\u00e9ton"}]},{"@type":"WebSite","@id":"https:\/\/arenesbellpuig.com\/fr\/#website","url":"https:\/\/arenesbellpuig.com\/fr\/","name":"Arenes Bellpuig FR","description":"\u00c0rids i Morter","publisher":{"@id":"https:\/\/arenesbellpuig.com\/fr\/#organization"},"potentialAction":[{"@type":"SearchAction","target":{"@type":"EntryPoint","urlTemplate":"https:\/\/arenesbellpuig.com\/fr\/?s={search_term_string}"},"query-input":{"@type":"PropertyValueSpecification","valueRequired":true,"valueName":"search_term_string"}}],"inLanguage":"ca"},{"@type":"Organization","@id":"https:\/\/arenesbellpuig.com\/fr\/#organization","name":"Arenes Bellpuig FR","url":"https:\/\/arenesbellpuig.com\/fr\/","logo":{"@type":"ImageObject","inLanguage":"ca","@id":"https:\/\/arenesbellpuig.com\/fr\/#\/schema\/logo\/image\/","url":"https:\/\/arenesbellpuig.com\/fr\/wp-content\/uploads\/sites\/4\/2023\/06\/cropped-00.-ARENES-BELLPUIG-1.png","contentUrl":"https:\/\/arenesbellpuig.com\/fr\/wp-content\/uploads\/sites\/4\/2023\/06\/cropped-00.-ARENES-BELLPUIG-1.png","width":400,"height":129,"caption":"Arenes Bellpuig FR"},"image":{"@id":"https:\/\/arenesbellpuig.com\/fr\/#\/schema\/logo\/image\/"}}]}},"_links":{"self":[{"href":"https:\/\/arenesbellpuig.com\/fr\/wp-json\/wp\/v2\/pages\/668","targetHints":{"allow":["GET"]}}],"collection":[{"href":"https:\/\/arenesbellpuig.com\/fr\/wp-json\/wp\/v2\/pages"}],"about":[{"href":"https:\/\/arenesbellpuig.com\/fr\/wp-json\/wp\/v2\/types\/page"}],"author":[{"embeddable":true,"href":"https:\/\/arenesbellpuig.com\/fr\/wp-json\/wp\/v2\/users\/1"}],"replies":[{"embeddable":true,"href":"https:\/\/arenesbellpuig.com\/fr\/wp-json\/wp\/v2\/comments?post=668"}],"version-history":[{"count":19,"href":"https:\/\/arenesbellpuig.com\/fr\/wp-json\/wp\/v2\/pages\/668\/revisions"}],"predecessor-version":[{"id":2670,"href":"https:\/\/arenesbellpuig.com\/fr\/wp-json\/wp\/v2\/pages\/668\/revisions\/2670"}],"wp:attachment":[{"href":"https:\/\/arenesbellpuig.com\/fr\/wp-json\/wp\/v2\/media?parent=668"}],"curies":[{"name":"wp","href":"https:\/\/api.w.org\/{rel}","templated":true}]}}