{"id":896,"date":"2019-04-15T07:45:07","date_gmt":"2019-04-15T07:45:07","guid":{"rendered":"http:\/\/arenesbellpuig.com\/?page_id=896"},"modified":"2023-06-19T14:32:40","modified_gmt":"2023-06-19T14:32:40","slug":"noticias","status":"publish","type":"page","link":"https:\/\/arenesbellpuig.com\/es\/noticias\/","title":{"rendered":"NOTICIAS"},"content":{"rendered":"\t\t<div data-elementor-type=\"wp-post\" data-elementor-id=\"896\" class=\"elementor elementor-896\" data-elementor-post-type=\"page\">\n\t\t\t\t\t\t<section class=\"elementor-section elementor-top-section elementor-element elementor-element-fb0722f elementor-section-stretched elementor-section-full_width elementor-section-height-min-height elementor-section-height-default elementor-section-items-middle\" data-id=\"fb0722f\" data-element_type=\"section\" data-e-type=\"section\" data-settings=\"{&quot;stretch_section&quot;:&quot;section-stretched&quot;,&quot;background_background&quot;:&quot;classic&quot;}\">\n\t\t\t\t\t\t\t<div class=\"elementor-background-overlay\"><\/div>\n\t\t\t\t\t\t\t<div class=\"elementor-container elementor-column-gap-default\">\n\t\t\t\t\t<div class=\"elementor-column elementor-col-100 elementor-top-column elementor-element elementor-element-3166f6d9\" data-id=\"3166f6d9\" data-element_type=\"column\" data-e-type=\"column\">\n\t\t\t<div class=\"elementor-widget-wrap elementor-element-populated\">\n\t\t\t\t\t\t<div class=\"elementor-element elementor-element-2a4672c elementor-widget elementor-widget-heading\" data-id=\"2a4672c\" data-element_type=\"widget\" data-e-type=\"widget\" data-widget_type=\"heading.default\">\n\t\t\t\t<div class=\"elementor-widget-container\">\n\t\t\t\t\t<h1 class=\"elementor-heading-title elementor-size-default\">actualidad de arenes bellpuig<\/h1>\t\t\t\t<\/div>\n\t\t\t\t<\/div>\n\t\t\t\t\t<\/div>\n\t\t<\/div>\n\t\t\t\t\t<\/div>\n\t\t<\/section>\n\t\t\t\t<section class=\"elementor-section elementor-top-section elementor-element elementor-element-4f8608bd elementor-section-stretched elementor-section-boxed elementor-section-height-default elementor-section-height-default\" data-id=\"4f8608bd\" data-element_type=\"section\" data-e-type=\"section\" data-settings=\"{&quot;stretch_section&quot;:&quot;section-stretched&quot;,&quot;background_background&quot;:&quot;classic&quot;}\">\n\t\t\t\t\t\t<div class=\"elementor-container elementor-column-gap-default\">\n\t\t\t\t\t<div class=\"elementor-column elementor-col-100 elementor-top-column elementor-element elementor-element-7cee928c\" data-id=\"7cee928c\" data-element_type=\"column\" data-e-type=\"column\">\n\t\t\t<div class=\"elementor-widget-wrap elementor-element-populated\">\n\t\t\t\t\t\t<div class=\"elementor-element elementor-element-6f0e3006 elementor-widget elementor-widget-heading\" data-id=\"6f0e3006\" data-element_type=\"widget\" data-e-type=\"widget\" data-widget_type=\"heading.default\">\n\t\t\t\t<div class=\"elementor-widget-container\">\n\t\t\t\t\t<span class=\"elementor-heading-title elementor-size-default\">ENCUENTRA LAS \u00daLTIMAS NOTICIAS RELACIONADAS CON ARENES BELLPUIG Y NUESTRO SECTOR INDUSTRIAL<\/span>\t\t\t\t<\/div>\n\t\t\t\t<\/div>\n\t\t\t\t<div class=\"elementor-element elementor-element-2b0157bb elementor-widget elementor-widget-text-editor\" data-id=\"2b0157bb\" data-element_type=\"widget\" data-e-type=\"widget\" data-widget_type=\"text-editor.default\">\n\t\t\t\t<div class=\"elementor-widget-container\">\n\t\t\t\t\t\t\t\t\t<p>\u00a1Encuentra aqu\u00ed las \u00faltimas novedades! Descubre las \u00faltimas noticias dentro del sector de los \u00e1ridos, la industria y la construcci\u00f3n. Conoce m\u00e1s de cerca nuestra actividad, nuestros \u00faltimos proyectos y los eventos en los que estamos involucrados.<\/p>\t\t\t\t\t\t\t\t<\/div>\n\t\t\t\t<\/div>\n\t\t\t\t\t<\/div>\n\t\t<\/div>\n\t\t\t\t\t<\/div>\n\t\t<\/section>\n\t\t\t\t<section class=\"elementor-section elementor-top-section elementor-element elementor-element-40c9f366 elementor-section-stretched elementor-section-height-min-height elementor-section-items-top elementor-section-boxed elementor-section-height-default\" data-id=\"40c9f366\" data-element_type=\"section\" data-e-type=\"section\" data-settings=\"{&quot;stretch_section&quot;:&quot;section-stretched&quot;,&quot;background_background&quot;:&quot;classic&quot;}\">\n\t\t\t\t\t\t<div class=\"elementor-container elementor-column-gap-default\">\n\t\t\t\t\t<div class=\"elementor-column elementor-col-100 elementor-top-column elementor-element elementor-element-54176bac\" data-id=\"54176bac\" data-element_type=\"column\" data-e-type=\"column\">\n\t\t\t<div class=\"elementor-widget-wrap elementor-element-populated\">\n\t\t\t\t\t\t<div class=\"elementor-element elementor-element-11b73c2 elementor-grid-2 elementor-posts--align-center elementor-grid-tablet-2 elementor-grid-mobile-1 elementor-posts--thumbnail-top elementor-card-shadow-yes elementor-posts__hover-gradient elementor-widget elementor-widget-posts\" data-id=\"11b73c2\" data-element_type=\"widget\" data-e-type=\"widget\" data-settings=\"{&quot;cards_columns&quot;:&quot;2&quot;,&quot;cards_row_gap&quot;:{&quot;unit&quot;:&quot;px&quot;,&quot;size&quot;:&quot;30&quot;,&quot;sizes&quot;:[]},&quot;pagination_type&quot;:&quot;prev_next&quot;,&quot;cards_columns_tablet&quot;:&quot;2&quot;,&quot;cards_columns_mobile&quot;:&quot;1&quot;,&quot;cards_row_gap_tablet&quot;:{&quot;unit&quot;:&quot;px&quot;,&quot;size&quot;:&quot;&quot;,&quot;sizes&quot;:[]},&quot;cards_row_gap_mobile&quot;:{&quot;unit&quot;:&quot;px&quot;,&quot;size&quot;:&quot;&quot;,&quot;sizes&quot;:[]}}\" data-widget_type=\"posts.cards\">\n\t\t\t\t<div class=\"elementor-widget-container\">\n\t\t\t\t\t\t\t<div class=\"elementor-posts-container elementor-posts elementor-posts--skin-cards elementor-grid\" role=\"list\">\n\t\t\t\t<article class=\"elementor-post elementor-grid-item post-2913 post type-post status-publish format-standard has-post-thumbnail hentry category-sin-categoria\" role=\"listitem\">\n\t\t\t<div class=\"elementor-post__card\">\n\t\t\t\t<a class=\"elementor-post__thumbnail__link\" href=\"https:\/\/arenesbellpuig.com\/es\/nos-sumamos-al-xv-dia-de-los-arboles-los-aridos-y-la-biodiversidad\/\" tabindex=\"-1\" ><div class=\"elementor-post__thumbnail\"><img fetchpriority=\"high\" decoding=\"async\" width=\"900\" height=\"506\" src=\"https:\/\/arenesbellpuig.com\/es\/wp-content\/uploads\/sites\/3\/2024\/05\/foto-de-portada.jpg\" class=\"attachment-full size-full wp-image-2917\" alt=\"\" srcset=\"https:\/\/arenesbellpuig.com\/es\/wp-content\/uploads\/sites\/3\/2024\/05\/foto-de-portada.jpg 900w, https:\/\/arenesbellpuig.com\/es\/wp-content\/uploads\/sites\/3\/2024\/05\/foto-de-portada-300x169.jpg 300w, https:\/\/arenesbellpuig.com\/es\/wp-content\/uploads\/sites\/3\/2024\/05\/foto-de-portada-768x432.jpg 768w\" sizes=\"(max-width: 900px) 100vw, 900px\" \/><\/div><\/a>\n\t\t\t\t<div class=\"elementor-post__text\">\n\t\t\t\t<h2 class=\"elementor-post__title\">\n\t\t\t<a href=\"https:\/\/arenesbellpuig.com\/es\/nos-sumamos-al-xv-dia-de-los-arboles-los-aridos-y-la-biodiversidad\/\" >\n\t\t\t\t\u00a1Nos sumamos al XV D\u00eda de los \u00c1rboles, los \u00c1ridos y la Biodiversidad!\t\t\t<\/a>\n\t\t<\/h2>\n\t\t\t\t<div class=\"elementor-post__excerpt\">\n\t\t\t<p>Desde Arenes Bellpuig tenemos claro que la industria extractiva tiene efectos medioambientales y modifica la morfolog\u00eda del terreno, por eso nos encontramos en un proceso<\/p>\n\t\t<\/div>\n\t\t\n\t\t<a class=\"elementor-post__read-more\" href=\"https:\/\/arenesbellpuig.com\/es\/nos-sumamos-al-xv-dia-de-los-arboles-los-aridos-y-la-biodiversidad\/\" aria-label=\"M\u00e1s informaci\u00f3n sobre \u00a1Nos sumamos al XV D\u00eda de los \u00c1rboles, los \u00c1ridos y la Biodiversidad!\" tabindex=\"-1\" >\n\t\t\tLeer &gt;\t\t<\/a>\n\n\t\t\t\t<\/div>\n\t\t\t\t\t<\/div>\n\t\t<\/article>\n\t\t\t\t<article class=\"elementor-post elementor-grid-item post-2908 post type-post status-publish format-standard has-post-thumbnail hentry category-sin-categoria\" role=\"listitem\">\n\t\t\t<div class=\"elementor-post__card\">\n\t\t\t\t<a class=\"elementor-post__thumbnail__link\" href=\"https:\/\/arenesbellpuig.com\/es\/arenas-bellpuig-renueva-la-colaboracion-con-la-irb-lleida-para-avanzar-en-la-investigacion-biomedica\/\" tabindex=\"-1\" ><div class=\"elementor-post__thumbnail\"><img decoding=\"async\" width=\"700\" height=\"700\" src=\"https:\/\/arenesbellpuig.com\/es\/wp-content\/uploads\/sites\/3\/2024\/01\/IMG-20231221-WA0001-1.jpg\" class=\"attachment-full size-full wp-image-2909\" alt=\"\" srcset=\"https:\/\/arenesbellpuig.com\/es\/wp-content\/uploads\/sites\/3\/2024\/01\/IMG-20231221-WA0001-1.jpg 700w, https:\/\/arenesbellpuig.com\/es\/wp-content\/uploads\/sites\/3\/2024\/01\/IMG-20231221-WA0001-1-300x300.jpg 300w, https:\/\/arenesbellpuig.com\/es\/wp-content\/uploads\/sites\/3\/2024\/01\/IMG-20231221-WA0001-1-150x150.jpg 150w\" sizes=\"(max-width: 700px) 100vw, 700px\" \/><\/div><\/a>\n\t\t\t\t<div class=\"elementor-post__text\">\n\t\t\t\t<h2 class=\"elementor-post__title\">\n\t\t\t<a href=\"https:\/\/arenesbellpuig.com\/es\/arenas-bellpuig-renueva-la-colaboracion-con-la-irb-lleida-para-avanzar-en-la-investigacion-biomedica\/\" >\n\t\t\t\tArenas Bellpuig renueva la colaboraci\u00f3n con la IRB Lleida para avanzar en la investigaci\u00f3n biom\u00e9dica\t\t\t<\/a>\n\t\t<\/h2>\n\t\t\t\t<div class=\"elementor-post__excerpt\">\n\t\t\t<p>En un paso importante hacia la promoci\u00f3n y el desarrollo de la investigaci\u00f3n biom\u00e9dica en Lleida, Arenes Bellpuig ha renovado su acuerdo de colaboraci\u00f3n con<\/p>\n\t\t<\/div>\n\t\t\n\t\t<a class=\"elementor-post__read-more\" href=\"https:\/\/arenesbellpuig.com\/es\/arenas-bellpuig-renueva-la-colaboracion-con-la-irb-lleida-para-avanzar-en-la-investigacion-biomedica\/\" aria-label=\"M\u00e1s informaci\u00f3n sobre Arenas Bellpuig renueva la colaboraci\u00f3n con la IRB Lleida para avanzar en la investigaci\u00f3n biom\u00e9dica\" tabindex=\"-1\" >\n\t\t\tLeer &gt;\t\t<\/a>\n\n\t\t\t\t<\/div>\n\t\t\t\t\t<\/div>\n\t\t<\/article>\n\t\t\t\t<article class=\"elementor-post elementor-grid-item post-2901 post type-post status-publish format-standard has-post-thumbnail hentry category-sin-categoria\" role=\"listitem\">\n\t\t\t<div class=\"elementor-post__card\">\n\t\t\t\t<a class=\"elementor-post__thumbnail__link\" href=\"https:\/\/arenesbellpuig.com\/es\/avanzamos-futuro-solar-fotovoltaico\/\" tabindex=\"-1\" ><div class=\"elementor-post__thumbnail\"><img decoding=\"async\" width=\"900\" height=\"675\" src=\"https:\/\/arenesbellpuig.com\/es\/wp-content\/uploads\/sites\/3\/2023\/12\/Plaques_solars1.jpg\" class=\"attachment-full size-full wp-image-2904\" alt=\"\" srcset=\"https:\/\/arenesbellpuig.com\/es\/wp-content\/uploads\/sites\/3\/2023\/12\/Plaques_solars1.jpg 900w, https:\/\/arenesbellpuig.com\/es\/wp-content\/uploads\/sites\/3\/2023\/12\/Plaques_solars1-300x225.jpg 300w, https:\/\/arenesbellpuig.com\/es\/wp-content\/uploads\/sites\/3\/2023\/12\/Plaques_solars1-768x576.jpg 768w\" sizes=\"(max-width: 900px) 100vw, 900px\" \/><\/div><\/a>\n\t\t\t\t<div class=\"elementor-post__text\">\n\t\t\t\t<h2 class=\"elementor-post__title\">\n\t\t\t<a href=\"https:\/\/arenesbellpuig.com\/es\/avanzamos-futuro-solar-fotovoltaico\/\" >\n\t\t\t\tAvanzamos hacia un futuro sostenible con una nueva planta solar fotovoltaica\t\t\t<\/a>\n\t\t<\/h2>\n\t\t\t\t<div class=\"elementor-post__excerpt\">\n\t\t\t<p>Inauguramos la nueva planta solar fotovoltaica en nuestras instalaciones de Bellpuig, con una superficie de 2.000 m\u00b2 y 952 paneles de 540\u00a0Wp\u00a0y una capacidad total<\/p>\n\t\t<\/div>\n\t\t\n\t\t<a class=\"elementor-post__read-more\" href=\"https:\/\/arenesbellpuig.com\/es\/avanzamos-futuro-solar-fotovoltaico\/\" aria-label=\"M\u00e1s informaci\u00f3n sobre Avanzamos hacia un futuro sostenible con una nueva planta solar fotovoltaica\" tabindex=\"-1\" >\n\t\t\tLeer &gt;\t\t<\/a>\n\n\t\t\t\t<\/div>\n\t\t\t\t\t<\/div>\n\t\t<\/article>\n\t\t\t\t<article class=\"elementor-post elementor-grid-item post-2830 post type-post status-publish format-standard has-post-thumbnail hentry category-sin-categoria\" role=\"listitem\">\n\t\t\t<div class=\"elementor-post__card\">\n\t\t\t\t<a class=\"elementor-post__thumbnail__link\" href=\"https:\/\/arenesbellpuig.com\/es\/arenes-bellpuig-es-renova-per-afrontar-els-reptes-del-futur\/\" tabindex=\"-1\" ><div class=\"elementor-post__thumbnail\"><img loading=\"lazy\" decoding=\"async\" width=\"1500\" height=\"844\" src=\"https:\/\/arenesbellpuig.com\/es\/wp-content\/uploads\/sites\/3\/2023\/06\/Equip-Arenes-Bellpuig-ABP-team.jpg\" class=\"attachment-full size-full wp-image-2864\" alt=\"\" srcset=\"https:\/\/arenesbellpuig.com\/es\/wp-content\/uploads\/sites\/3\/2023\/06\/Equip-Arenes-Bellpuig-ABP-team.jpg 1500w, https:\/\/arenesbellpuig.com\/es\/wp-content\/uploads\/sites\/3\/2023\/06\/Equip-Arenes-Bellpuig-ABP-team-300x169.jpg 300w, https:\/\/arenesbellpuig.com\/es\/wp-content\/uploads\/sites\/3\/2023\/06\/Equip-Arenes-Bellpuig-ABP-team-1024x576.jpg 1024w, https:\/\/arenesbellpuig.com\/es\/wp-content\/uploads\/sites\/3\/2023\/06\/Equip-Arenes-Bellpuig-ABP-team-768x432.jpg 768w\" sizes=\"(max-width: 1500px) 100vw, 1500px\" \/><\/div><\/a>\n\t\t\t\t<div class=\"elementor-post__text\">\n\t\t\t\t<h2 class=\"elementor-post__title\">\n\t\t\t<a href=\"https:\/\/arenesbellpuig.com\/es\/arenes-bellpuig-es-renova-per-afrontar-els-reptes-del-futur\/\" >\n\t\t\t\tArenes Bellpuig se renueva para afrontar los retos del futuro\t\t\t<\/a>\n\t\t<\/h2>\n\t\t\t\t<div class=\"elementor-post__excerpt\">\n\t\t\t<p>La empresa abraza el cambio y presenta una nueva imagen corporativa Arenes Bellpuig, una empresa l\u00edder en el sector de la construcci\u00f3n y referente en<\/p>\n\t\t<\/div>\n\t\t\n\t\t<a class=\"elementor-post__read-more\" href=\"https:\/\/arenesbellpuig.com\/es\/arenes-bellpuig-es-renova-per-afrontar-els-reptes-del-futur\/\" aria-label=\"M\u00e1s informaci\u00f3n sobre Arenes Bellpuig se renueva para afrontar los retos del futuro\" tabindex=\"-1\" >\n\t\t\tLeer &gt;\t\t<\/a>\n\n\t\t\t\t<\/div>\n\t\t\t\t\t<\/div>\n\t\t<\/article>\n\t\t\t\t<article class=\"elementor-post elementor-grid-item post-2717 post type-post status-publish format-standard has-post-thumbnail hentry category-sin-categoria\" role=\"listitem\">\n\t\t\t<div class=\"elementor-post__card\">\n\t\t\t\t<a class=\"elementor-post__thumbnail__link\" href=\"https:\/\/arenesbellpuig.com\/es\/nou-producte-morter-grout-2\/\" tabindex=\"-1\" ><div class=\"elementor-post__thumbnail\"><img loading=\"lazy\" decoding=\"async\" width=\"750\" height=\"360\" src=\"https:\/\/arenesbellpuig.com\/es\/wp-content\/uploads\/sites\/3\/2019\/11\/201907morter-grout-arenes-bellpuig.jpg\" class=\"attachment-full size-full wp-image-2718\" alt=\"\" srcset=\"https:\/\/arenesbellpuig.com\/es\/wp-content\/uploads\/sites\/3\/2019\/11\/201907morter-grout-arenes-bellpuig.jpg 750w, https:\/\/arenesbellpuig.com\/es\/wp-content\/uploads\/sites\/3\/2019\/11\/201907morter-grout-arenes-bellpuig-300x144.jpg 300w\" sizes=\"(max-width: 750px) 100vw, 750px\" \/><\/div><\/a>\n\t\t\t\t<div class=\"elementor-post__text\">\n\t\t\t\t<h2 class=\"elementor-post__title\">\n\t\t\t<a href=\"https:\/\/arenesbellpuig.com\/es\/nou-producte-morter-grout-2\/\" >\n\t\t\t\tQue es el Mortero \u00abGrout\u00bb?\t\t\t<\/a>\n\t\t<\/h2>\n\t\t\t\t<div class=\"elementor-post__excerpt\">\n\t\t\t<p>Para determinadas aplicaciones, como la colocaci\u00f3n de anclajes, bases de dep\u00f3sitos, bancos de maquinaria, la colocaci\u00f3n de hormig\u00f3n est\u00e1ndar presenta distintos problemas. Uno de los<\/p>\n\t\t<\/div>\n\t\t\n\t\t<a class=\"elementor-post__read-more\" href=\"https:\/\/arenesbellpuig.com\/es\/nou-producte-morter-grout-2\/\" aria-label=\"M\u00e1s informaci\u00f3n sobre Que es el Mortero \u00abGrout\u00bb?\" tabindex=\"-1\" >\n\t\t\tLeer &gt;\t\t<\/a>\n\n\t\t\t\t<\/div>\n\t\t\t\t\t<\/div>\n\t\t<\/article>\n\t\t\t\t<article class=\"elementor-post elementor-grid-item post-2714 post type-post status-publish format-standard has-post-thumbnail hentry category-sin-categoria\" role=\"listitem\">\n\t\t\t<div class=\"elementor-post__card\">\n\t\t\t\t<a class=\"elementor-post__thumbnail__link\" href=\"https:\/\/arenesbellpuig.com\/es\/arena-de-soleres-2\/\" tabindex=\"-1\" ><div class=\"elementor-post__thumbnail\"><img loading=\"lazy\" decoding=\"async\" width=\"1501\" height=\"1638\" src=\"https:\/\/arenesbellpuig.com\/es\/wp-content\/uploads\/sites\/3\/2019\/11\/201907soleres-recrescuts-1.jpg\" class=\"attachment-full size-full wp-image-2720\" alt=\"\" srcset=\"https:\/\/arenesbellpuig.com\/es\/wp-content\/uploads\/sites\/3\/2019\/11\/201907soleres-recrescuts-1.jpg 1501w, https:\/\/arenesbellpuig.com\/es\/wp-content\/uploads\/sites\/3\/2019\/11\/201907soleres-recrescuts-1-275x300.jpg 275w, https:\/\/arenesbellpuig.com\/es\/wp-content\/uploads\/sites\/3\/2019\/11\/201907soleres-recrescuts-1-768x838.jpg 768w, https:\/\/arenesbellpuig.com\/es\/wp-content\/uploads\/sites\/3\/2019\/11\/201907soleres-recrescuts-1-938x1024.jpg 938w\" sizes=\"(max-width: 1501px) 100vw, 1501px\" \/><\/div><\/a>\n\t\t\t\t<div class=\"elementor-post__text\">\n\t\t\t\t<h2 class=\"elementor-post__title\">\n\t\t\t<a href=\"https:\/\/arenesbellpuig.com\/es\/arena-de-soleres-2\/\" >\n\t\t\t\tRecrecidos de mortero semi-seco\t\t\t<\/a>\n\t\t<\/h2>\n\t\t\t\t<div class=\"elementor-post__excerpt\">\n\t\t\t<p>La &#8216;arena \u00abde soleras\u00bb o de \u00abrecrecidos\u00bb es un material creado especialmente para la elaboraci\u00f3n en obra de morteros semi-secos bombeables, al que solo hay<\/p>\n\t\t<\/div>\n\t\t\n\t\t<a class=\"elementor-post__read-more\" href=\"https:\/\/arenesbellpuig.com\/es\/arena-de-soleres-2\/\" aria-label=\"M\u00e1s informaci\u00f3n sobre Recrecidos de mortero semi-seco\" tabindex=\"-1\" >\n\t\t\tLeer &gt;\t\t<\/a>\n\n\t\t\t\t<\/div>\n\t\t\t\t\t<\/div>\n\t\t<\/article>\n\t\t\t\t<\/div>\n\t\t\n\t\t\t\t<div class=\"e-load-more-anchor\" data-page=\"1\" data-max-page=\"2\" data-next-page=\"https:\/\/arenesbellpuig.com\/es\/wp-json\/wp\/v2\/pages\/896\/page\/2\/\"><\/div>\n\t\t\t\t<nav class=\"elementor-pagination\" aria-label=\"Paginaci\u00f3n\">\n\t\t\t<span class=\"page-numbers prev\">&laquo; Anterior<\/span>\n<a class=\"page-numbers next\" href=\"https:\/\/arenesbellpuig.com\/es\/wp-json\/wp\/v2\/pages\/896\/page\/2\/\">Seg\u00fcent &raquo;<\/a>\t\t<\/nav>\n\t\t\t\t\t\t<\/div>\n\t\t\t\t<\/div>\n\t\t\t\t\t<\/div>\n\t\t<\/div>\n\t\t\t\t\t<\/div>\n\t\t<\/section>\n\t\t\t\t<\/div>\n\t\t","protected":false},"excerpt":{"rendered":"<p>actualidad de arenes bellpuig ENCUENTRA LAS \u00daLTIMAS NOTICIAS RELACIONADAS CON ARENES BELLPUIG Y NUESTRO SECTOR INDUSTRIAL \u00a1Encuentra aqu\u00ed las \u00faltimas novedades! Descubre las \u00faltimas noticias dentro del sector de los \u00e1ridos, la industria y la construcci\u00f3n. Conoce m\u00e1s de cerca nuestra actividad, nuestros \u00faltimos proyectos y los eventos en los que estamos involucrados.<\/p>\n","protected":false},"author":1,"featured_media":0,"parent":0,"menu_order":0,"comment_status":"closed","ping_status":"closed","template":"elementor_header_footer","meta":{"_acf_changed":false,"_monsterinsights_skip_tracking":false,"_monsterinsights_sitenote_active":false,"_monsterinsights_sitenote_note":"","_monsterinsights_sitenote_category":0,"footnotes":""},"class_list":["post-896","page","type-page","status-publish","hentry"],"acf":[],"yoast_head":"<!-- This site is optimized with the Yoast SEO plugin v27.3 - https:\/\/yoast.com\/product\/yoast-seo-wordpress\/ -->\n<title>Noticias - Arenes Bellpuig<\/title>\n<meta name=\"description\" content=\"Conoce m\u00e1s de cerca nuestra actividad, nuestros \u00faltimos proyectos y mantente al d\u00eda dentro del mundo de los \u00e1ridos, la industria y la construcci\u00f3n.\" \/>\n<meta name=\"robots\" content=\"index, follow, max-snippet:-1, max-image-preview:large, max-video-preview:-1\" \/>\n<link rel=\"canonical\" href=\"https:\/\/arenesbellpuig.com\/es\/noticias\/\" \/>\n<meta property=\"og:locale\" content=\"es_ES\" \/>\n<meta property=\"og:type\" content=\"article\" \/>\n<meta property=\"og:title\" content=\"Noticias - Arenes Bellpuig\" \/>\n<meta property=\"og:description\" content=\"Conoce m\u00e1s de cerca nuestra actividad, nuestros \u00faltimos proyectos y mantente al d\u00eda dentro del mundo de los \u00e1ridos, la industria y la construcci\u00f3n.\" \/>\n<meta property=\"og:url\" content=\"https:\/\/arenesbellpuig.com\/es\/noticias\/\" \/>\n<meta property=\"og:site_name\" content=\"Arenes Bellpuig ES\" \/>\n<meta property=\"article:modified_time\" content=\"2023-06-19T14:32:40+00:00\" \/>\n<meta name=\"twitter:card\" content=\"summary_large_image\" \/>\n<meta name=\"twitter:label1\" content=\"Tiempo de lectura\" \/>\n\t<meta name=\"twitter:data1\" content=\"3 minutos\" \/>\n<script type=\"application\/ld+json\" class=\"yoast-schema-graph\">{\"@context\":\"https:\\\/\\\/schema.org\",\"@graph\":[{\"@type\":\"WebPage\",\"@id\":\"https:\\\/\\\/arenesbellpuig.com\\\/es\\\/noticias\\\/\",\"url\":\"https:\\\/\\\/arenesbellpuig.com\\\/es\\\/noticias\\\/\",\"name\":\"Noticias - Arenes Bellpuig\",\"isPartOf\":{\"@id\":\"https:\\\/\\\/arenesbellpuig.com\\\/es\\\/#website\"},\"datePublished\":\"2019-04-15T07:45:07+00:00\",\"dateModified\":\"2023-06-19T14:32:40+00:00\",\"description\":\"Conoce m\u00e1s de cerca nuestra actividad, nuestros \u00faltimos proyectos y mantente al d\u00eda dentro del mundo de los \u00e1ridos, la industria y la construcci\u00f3n.\",\"breadcrumb\":{\"@id\":\"https:\\\/\\\/arenesbellpuig.com\\\/es\\\/noticias\\\/#breadcrumb\"},\"inLanguage\":\"es\",\"potentialAction\":[{\"@type\":\"ReadAction\",\"target\":[\"https:\\\/\\\/arenesbellpuig.com\\\/es\\\/noticias\\\/\"]}]},{\"@type\":\"BreadcrumbList\",\"@id\":\"https:\\\/\\\/arenesbellpuig.com\\\/es\\\/noticias\\\/#breadcrumb\",\"itemListElement\":[{\"@type\":\"ListItem\",\"position\":1,\"name\":\"Portada\",\"item\":\"https:\\\/\\\/arenesbellpuig.com\\\/es\\\/\"},{\"@type\":\"ListItem\",\"position\":2,\"name\":\"NOTICIAS\"}]},{\"@type\":\"WebSite\",\"@id\":\"https:\\\/\\\/arenesbellpuig.com\\\/es\\\/#website\",\"url\":\"https:\\\/\\\/arenesbellpuig.com\\\/es\\\/\",\"name\":\"Arenes Bellpuig ES\",\"description\":\"\u00c1ridos y Morteros\",\"publisher\":{\"@id\":\"https:\\\/\\\/arenesbellpuig.com\\\/es\\\/#organization\"},\"potentialAction\":[{\"@type\":\"SearchAction\",\"target\":{\"@type\":\"EntryPoint\",\"urlTemplate\":\"https:\\\/\\\/arenesbellpuig.com\\\/es\\\/?s={search_term_string}\"},\"query-input\":{\"@type\":\"PropertyValueSpecification\",\"valueRequired\":true,\"valueName\":\"search_term_string\"}}],\"inLanguage\":\"es\"},{\"@type\":\"Organization\",\"@id\":\"https:\\\/\\\/arenesbellpuig.com\\\/es\\\/#organization\",\"name\":\"Arenes Bellpuig ES\",\"url\":\"https:\\\/\\\/arenesbellpuig.com\\\/es\\\/\",\"logo\":{\"@type\":\"ImageObject\",\"inLanguage\":\"es\",\"@id\":\"https:\\\/\\\/arenesbellpuig.com\\\/es\\\/#\\\/schema\\\/logo\\\/image\\\/\",\"url\":\"https:\\\/\\\/arenesbellpuig.com\\\/es\\\/wp-content\\\/uploads\\\/sites\\\/3\\\/2023\\\/06\\\/cropped-00.-ARENES-BELLPUIG-1.png\",\"contentUrl\":\"https:\\\/\\\/arenesbellpuig.com\\\/es\\\/wp-content\\\/uploads\\\/sites\\\/3\\\/2023\\\/06\\\/cropped-00.-ARENES-BELLPUIG-1.png\",\"width\":400,\"height\":133,\"caption\":\"Arenes Bellpuig ES\"},\"image\":{\"@id\":\"https:\\\/\\\/arenesbellpuig.com\\\/es\\\/#\\\/schema\\\/logo\\\/image\\\/\"}}]}<\/script>\n<!-- \/ Yoast SEO plugin. -->","yoast_head_json":{"title":"Noticias - Arenes Bellpuig","description":"Conoce m\u00e1s de cerca nuestra actividad, nuestros \u00faltimos proyectos y mantente al d\u00eda dentro del mundo de los \u00e1ridos, la industria y la construcci\u00f3n.","robots":{"index":"index","follow":"follow","max-snippet":"max-snippet:-1","max-image-preview":"max-image-preview:large","max-video-preview":"max-video-preview:-1"},"canonical":"https:\/\/arenesbellpuig.com\/es\/noticias\/","og_locale":"es_ES","og_type":"article","og_title":"Noticias - Arenes Bellpuig","og_description":"Conoce m\u00e1s de cerca nuestra actividad, nuestros \u00faltimos proyectos y mantente al d\u00eda dentro del mundo de los \u00e1ridos, la industria y la construcci\u00f3n.","og_url":"https:\/\/arenesbellpuig.com\/es\/noticias\/","og_site_name":"Arenes Bellpuig ES","article_modified_time":"2023-06-19T14:32:40+00:00","twitter_card":"summary_large_image","twitter_misc":{"Tiempo de lectura":"3 minutos"},"schema":{"@context":"https:\/\/schema.org","@graph":[{"@type":"WebPage","@id":"https:\/\/arenesbellpuig.com\/es\/noticias\/","url":"https:\/\/arenesbellpuig.com\/es\/noticias\/","name":"Noticias - Arenes Bellpuig","isPartOf":{"@id":"https:\/\/arenesbellpuig.com\/es\/#website"},"datePublished":"2019-04-15T07:45:07+00:00","dateModified":"2023-06-19T14:32:40+00:00","description":"Conoce m\u00e1s de cerca nuestra actividad, nuestros \u00faltimos proyectos y mantente al d\u00eda dentro del mundo de los \u00e1ridos, la industria y la construcci\u00f3n.","breadcrumb":{"@id":"https:\/\/arenesbellpuig.com\/es\/noticias\/#breadcrumb"},"inLanguage":"es","potentialAction":[{"@type":"ReadAction","target":["https:\/\/arenesbellpuig.com\/es\/noticias\/"]}]},{"@type":"BreadcrumbList","@id":"https:\/\/arenesbellpuig.com\/es\/noticias\/#breadcrumb","itemListElement":[{"@type":"ListItem","position":1,"name":"Portada","item":"https:\/\/arenesbellpuig.com\/es\/"},{"@type":"ListItem","position":2,"name":"NOTICIAS"}]},{"@type":"WebSite","@id":"https:\/\/arenesbellpuig.com\/es\/#website","url":"https:\/\/arenesbellpuig.com\/es\/","name":"Arenes Bellpuig ES","description":"\u00c1ridos y Morteros","publisher":{"@id":"https:\/\/arenesbellpuig.com\/es\/#organization"},"potentialAction":[{"@type":"SearchAction","target":{"@type":"EntryPoint","urlTemplate":"https:\/\/arenesbellpuig.com\/es\/?s={search_term_string}"},"query-input":{"@type":"PropertyValueSpecification","valueRequired":true,"valueName":"search_term_string"}}],"inLanguage":"es"},{"@type":"Organization","@id":"https:\/\/arenesbellpuig.com\/es\/#organization","name":"Arenes Bellpuig ES","url":"https:\/\/arenesbellpuig.com\/es\/","logo":{"@type":"ImageObject","inLanguage":"es","@id":"https:\/\/arenesbellpuig.com\/es\/#\/schema\/logo\/image\/","url":"https:\/\/arenesbellpuig.com\/es\/wp-content\/uploads\/sites\/3\/2023\/06\/cropped-00.-ARENES-BELLPUIG-1.png","contentUrl":"https:\/\/arenesbellpuig.com\/es\/wp-content\/uploads\/sites\/3\/2023\/06\/cropped-00.-ARENES-BELLPUIG-1.png","width":400,"height":133,"caption":"Arenes Bellpuig ES"},"image":{"@id":"https:\/\/arenesbellpuig.com\/es\/#\/schema\/logo\/image\/"}}]}},"_links":{"self":[{"href":"https:\/\/arenesbellpuig.com\/es\/wp-json\/wp\/v2\/pages\/896","targetHints":{"allow":["GET"]}}],"collection":[{"href":"https:\/\/arenesbellpuig.com\/es\/wp-json\/wp\/v2\/pages"}],"about":[{"href":"https:\/\/arenesbellpuig.com\/es\/wp-json\/wp\/v2\/types\/page"}],"author":[{"embeddable":true,"href":"https:\/\/arenesbellpuig.com\/es\/wp-json\/wp\/v2\/users\/1"}],"replies":[{"embeddable":true,"href":"https:\/\/arenesbellpuig.com\/es\/wp-json\/wp\/v2\/comments?post=896"}],"version-history":[{"count":24,"href":"https:\/\/arenesbellpuig.com\/es\/wp-json\/wp\/v2\/pages\/896\/revisions"}],"predecessor-version":[{"id":2817,"href":"https:\/\/arenesbellpuig.com\/es\/wp-json\/wp\/v2\/pages\/896\/revisions\/2817"}],"wp:attachment":[{"href":"https:\/\/arenesbellpuig.com\/es\/wp-json\/wp\/v2\/media?parent=896"}],"curies":[{"name":"wp","href":"https:\/\/api.w.org\/{rel}","templated":true}]}}