{"id":633,"date":"2019-04-09T14:16:30","date_gmt":"2019-04-09T14:16:30","guid":{"rendered":"http:\/\/arenesbellpuig.com\/?page_id=633"},"modified":"2023-06-15T13:47:44","modified_gmt":"2023-06-15T13:47:44","slug":"aridos","status":"publish","type":"page","link":"https:\/\/arenesbellpuig.com\/es\/aridos\/","title":{"rendered":"\u00c1ridos"},"content":{"rendered":"\t\t<div data-elementor-type=\"wp-post\" data-elementor-id=\"633\" class=\"elementor elementor-633\" data-elementor-post-type=\"page\">\n\t\t\t\t\t\t<section class=\"elementor-section elementor-top-section elementor-element elementor-element-1a60cc79 elementor-section-stretched elementor-section-full_width elementor-section-height-min-height elementor-section-height-default elementor-section-items-middle\" data-id=\"1a60cc79\" data-element_type=\"section\" data-e-type=\"section\" data-settings=\"{&quot;stretch_section&quot;:&quot;section-stretched&quot;,&quot;background_background&quot;:&quot;classic&quot;}\">\n\t\t\t\t\t\t\t<div class=\"elementor-background-overlay\"><\/div>\n\t\t\t\t\t\t\t<div class=\"elementor-container elementor-column-gap-default\">\n\t\t\t\t\t<div class=\"elementor-column elementor-col-100 elementor-top-column elementor-element elementor-element-9b56a84\" data-id=\"9b56a84\" data-element_type=\"column\" data-e-type=\"column\">\n\t\t\t<div class=\"elementor-widget-wrap elementor-element-populated\">\n\t\t\t\t\t\t<div class=\"elementor-element elementor-element-3dc100df elementor-widget elementor-widget-heading\" data-id=\"3dc100df\" data-element_type=\"widget\" data-e-type=\"widget\" data-widget_type=\"heading.default\">\n\t\t\t\t<div class=\"elementor-widget-container\">\n\t\t\t\t\t<h1 class=\"elementor-heading-title elementor-size-default\">\u00e1ridos para la industria y la construcci\u00f3n<\/h1>\t\t\t\t<\/div>\n\t\t\t\t<\/div>\n\t\t\t\t\t<\/div>\n\t\t<\/div>\n\t\t\t\t\t<\/div>\n\t\t<\/section>\n\t\t\t\t<section class=\"elementor-section elementor-top-section elementor-element elementor-element-1bd9f31 elementor-section-full_width elementor-section-height-default elementor-section-height-default\" data-id=\"1bd9f31\" data-element_type=\"section\" data-e-type=\"section\" data-settings=\"{&quot;background_background&quot;:&quot;classic&quot;}\">\n\t\t\t\t\t\t<div class=\"elementor-container elementor-column-gap-default\">\n\t\t\t\t\t<div class=\"elementor-column elementor-col-100 elementor-top-column elementor-element elementor-element-19a15cca\" data-id=\"19a15cca\" data-element_type=\"column\" data-e-type=\"column\">\n\t\t\t<div class=\"elementor-widget-wrap elementor-element-populated\">\n\t\t\t\t\t\t<div class=\"elementor-element elementor-element-646c002a elementor-icon-list--layout-inline elementor-align-start elementor-tablet-align-center elementor-mobile-align-center elementor-list-item-link-full_width elementor-widget elementor-widget-icon-list\" data-id=\"646c002a\" data-element_type=\"widget\" data-e-type=\"widget\" data-widget_type=\"icon-list.default\">\n\t\t\t\t<div class=\"elementor-widget-container\">\n\t\t\t\t\t\t\t<ul class=\"elementor-icon-list-items elementor-inline-items\">\n\t\t\t\t\t\t\t<li class=\"elementor-icon-list-item elementor-inline-item\">\n\t\t\t\t\t\t\t\t\t\t\t<a href=\"https:\/\/arenesbellpuig.com\/es\/mortero\/\">\n\n\t\t\t\t\t\t\t\t\t\t\t<span class=\"elementor-icon-list-text\">MORTERO<\/span>\n\t\t\t\t\t\t\t\t\t\t\t<\/a>\n\t\t\t\t\t\t\t\t\t<\/li>\n\t\t\t\t\t\t\t\t<li class=\"elementor-icon-list-item elementor-inline-item\">\n\t\t\t\t\t\t\t\t\t\t\t<a href=\"https:\/\/arenesbellpuig.com\/es\/hormigon\/\">\n\n\t\t\t\t\t\t\t\t\t\t\t<span class=\"elementor-icon-list-text\">HORMIG\u00d3N<\/span>\n\t\t\t\t\t\t\t\t\t\t\t<\/a>\n\t\t\t\t\t\t\t\t\t<\/li>\n\t\t\t\t\t\t<\/ul>\n\t\t\t\t\t\t<\/div>\n\t\t\t\t<\/div>\n\t\t\t\t\t<\/div>\n\t\t<\/div>\n\t\t\t\t\t<\/div>\n\t\t<\/section>\n\t\t\t\t<section class=\"elementor-section elementor-top-section elementor-element elementor-element-2f82432c elementor-section-stretched elementor-section-boxed elementor-section-height-default elementor-section-height-default\" data-id=\"2f82432c\" data-element_type=\"section\" data-e-type=\"section\" data-settings=\"{&quot;stretch_section&quot;:&quot;section-stretched&quot;,&quot;background_background&quot;:&quot;classic&quot;}\">\n\t\t\t\t\t\t<div class=\"elementor-container elementor-column-gap-default\">\n\t\t\t\t\t<div class=\"elementor-column elementor-col-100 elementor-top-column elementor-element elementor-element-3b1ed501\" data-id=\"3b1ed501\" data-element_type=\"column\" data-e-type=\"column\">\n\t\t\t<div class=\"elementor-widget-wrap elementor-element-populated\">\n\t\t\t\t\t\t<div class=\"elementor-element elementor-element-13e85d0e elementor-widget elementor-widget-heading\" data-id=\"13e85d0e\" data-element_type=\"widget\" data-e-type=\"widget\" data-widget_type=\"heading.default\">\n\t\t\t\t<div class=\"elementor-widget-container\">\n\t\t\t\t\t<h2 class=\"elementor-heading-title elementor-size-default\">Descubre una amplia variedad de arenas, gravas, mezclas y \u00e1ridos para subbase<\/h2>\t\t\t\t<\/div>\n\t\t\t\t<\/div>\n\t\t\t\t<div class=\"elementor-element elementor-element-7140608e elementor-widget elementor-widget-text-editor\" data-id=\"7140608e\" data-element_type=\"widget\" data-e-type=\"widget\" data-widget_type=\"text-editor.default\">\n\t\t\t\t<div class=\"elementor-widget-container\">\n\t\t\t\t\t\t\t\t\t<p>Encuentra todas las variedades de arena, grava, zahorra y mezcla. Disponemos de granulometr\u00edas espec\u00edficas para cada necesidad y aplicaci\u00f3n. Nuestros \u00e1ridos son perfectos para la fabricaci\u00f3n de morteros, hormigones, obra civil, edificaci\u00f3n, rehabilitaciones, etc.<\/p>\t\t\t\t\t\t\t\t<\/div>\n\t\t\t\t<\/div>\n\t\t\t\t\t<\/div>\n\t\t<\/div>\n\t\t\t\t\t<\/div>\n\t\t<\/section>\n\t\t\t\t<section class=\"elementor-section elementor-top-section elementor-element elementor-element-63cb6a1 elementor-section-stretched elementor-section-height-min-height elementor-section-items-top elementor-section-boxed elementor-section-height-default\" data-id=\"63cb6a1\" data-element_type=\"section\" data-e-type=\"section\" data-settings=\"{&quot;stretch_section&quot;:&quot;section-stretched&quot;,&quot;background_background&quot;:&quot;classic&quot;}\">\n\t\t\t\t\t\t<div class=\"elementor-container elementor-column-gap-default\">\n\t\t\t\t\t<div class=\"elementor-column elementor-col-100 elementor-top-column elementor-element elementor-element-5d8d8421 animated-slow elementor-invisible\" data-id=\"5d8d8421\" data-element_type=\"column\" data-e-type=\"column\" data-settings=\"{&quot;animation&quot;:&quot;fadeInRight&quot;}\">\n\t\t\t<div class=\"elementor-widget-wrap\">\n\t\t\t\t\t\t\t<\/div>\n\t\t<\/div>\n\t\t\t\t\t<\/div>\n\t\t<\/section>\n\t\t\t\t<\/div>\n\t\t","protected":false},"excerpt":{"rendered":"<p>\u00e1ridos para la industria y la construcci\u00f3n MORTERO HORMIG\u00d3N Descubre una amplia variedad de arenas, gravas, mezclas y \u00e1ridos para subbase Encuentra todas las variedades de arena, grava, zahorra y mezcla. Disponemos de granulometr\u00edas espec\u00edficas para cada necesidad y aplicaci\u00f3n. Nuestros \u00e1ridos son perfectos para la fabricaci\u00f3n de morteros, hormigones, obra civil, edificaci\u00f3n, rehabilitaciones, etc. &#8230; <a title=\"\u00c1ridos\" class=\"read-more\" href=\"https:\/\/arenesbellpuig.com\/es\/aridos\/\" aria-label=\"Leer m\u00e1s sobre \u00c1ridos\">Leer m\u00e1s<\/a><\/p>\n","protected":false},"author":1,"featured_media":0,"parent":0,"menu_order":0,"comment_status":"closed","ping_status":"closed","template":"elementor_header_footer","meta":{"_acf_changed":false,"_monsterinsights_skip_tracking":false,"_monsterinsights_sitenote_active":false,"_monsterinsights_sitenote_note":"","_monsterinsights_sitenote_category":0,"footnotes":""},"class_list":["post-633","page","type-page","status-publish"],"acf":[],"yoast_head":"<!-- This site is optimized with the Yoast SEO plugin v27.3 - https:\/\/yoast.com\/product\/yoast-seo-wordpress\/ -->\n<title>\u00c1ridos para la industria y la construcci\u00f3n - Arenes Bellpuig<\/title>\n<meta name=\"description\" content=\"Descubre una gran variedad de arenas, gravas, mezclas y \u00e1ridos para subbase. En Arenes Bellpuig tenemos granulometr\u00edas espec\u00edficas para cada necesidad.\" \/>\n<meta name=\"robots\" content=\"index, follow, max-snippet:-1, max-image-preview:large, max-video-preview:-1\" \/>\n<link rel=\"canonical\" href=\"https:\/\/arenesbellpuig.com\/es\/aridos\/\" \/>\n<meta property=\"og:locale\" content=\"es_ES\" \/>\n<meta property=\"og:type\" content=\"article\" \/>\n<meta property=\"og:title\" content=\"\u00c1ridos para la industria y la construcci\u00f3n - Arenes Bellpuig\" \/>\n<meta property=\"og:description\" content=\"Descubre una gran variedad de arenas, gravas, mezclas y \u00e1ridos para subbase. En Arenes Bellpuig tenemos granulometr\u00edas espec\u00edficas para cada necesidad.\" \/>\n<meta property=\"og:url\" content=\"https:\/\/arenesbellpuig.com\/es\/aridos\/\" \/>\n<meta property=\"og:site_name\" content=\"Arenes Bellpuig ES\" \/>\n<meta property=\"article:modified_time\" content=\"2023-06-15T13:47:44+00:00\" \/>\n<meta name=\"twitter:card\" content=\"summary_large_image\" \/>\n<meta name=\"twitter:label1\" content=\"Tiempo de lectura\" \/>\n\t<meta name=\"twitter:data1\" content=\"15 minutos\" \/>\n<script type=\"application\/ld+json\" class=\"yoast-schema-graph\">{\"@context\":\"https:\\\/\\\/schema.org\",\"@graph\":[{\"@type\":\"WebPage\",\"@id\":\"https:\\\/\\\/arenesbellpuig.com\\\/es\\\/aridos\\\/\",\"url\":\"https:\\\/\\\/arenesbellpuig.com\\\/es\\\/aridos\\\/\",\"name\":\"\u00c1ridos para la industria y la construcci\u00f3n - Arenes Bellpuig\",\"isPartOf\":{\"@id\":\"https:\\\/\\\/arenesbellpuig.com\\\/es\\\/#website\"},\"datePublished\":\"2019-04-09T14:16:30+00:00\",\"dateModified\":\"2023-06-15T13:47:44+00:00\",\"description\":\"Descubre una gran variedad de arenas, gravas, mezclas y \u00e1ridos para subbase. En Arenes Bellpuig tenemos granulometr\u00edas espec\u00edficas para cada necesidad.\",\"breadcrumb\":{\"@id\":\"https:\\\/\\\/arenesbellpuig.com\\\/es\\\/aridos\\\/#breadcrumb\"},\"inLanguage\":\"es\",\"potentialAction\":[{\"@type\":\"ReadAction\",\"target\":[\"https:\\\/\\\/arenesbellpuig.com\\\/es\\\/aridos\\\/\"]}]},{\"@type\":\"BreadcrumbList\",\"@id\":\"https:\\\/\\\/arenesbellpuig.com\\\/es\\\/aridos\\\/#breadcrumb\",\"itemListElement\":[{\"@type\":\"ListItem\",\"position\":1,\"name\":\"Portada\",\"item\":\"https:\\\/\\\/arenesbellpuig.com\\\/es\\\/\"},{\"@type\":\"ListItem\",\"position\":2,\"name\":\"\u00c1ridos\"}]},{\"@type\":\"WebSite\",\"@id\":\"https:\\\/\\\/arenesbellpuig.com\\\/es\\\/#website\",\"url\":\"https:\\\/\\\/arenesbellpuig.com\\\/es\\\/\",\"name\":\"Arenes Bellpuig ES\",\"description\":\"\u00c1ridos y Morteros\",\"publisher\":{\"@id\":\"https:\\\/\\\/arenesbellpuig.com\\\/es\\\/#organization\"},\"potentialAction\":[{\"@type\":\"SearchAction\",\"target\":{\"@type\":\"EntryPoint\",\"urlTemplate\":\"https:\\\/\\\/arenesbellpuig.com\\\/es\\\/?s={search_term_string}\"},\"query-input\":{\"@type\":\"PropertyValueSpecification\",\"valueRequired\":true,\"valueName\":\"search_term_string\"}}],\"inLanguage\":\"es\"},{\"@type\":\"Organization\",\"@id\":\"https:\\\/\\\/arenesbellpuig.com\\\/es\\\/#organization\",\"name\":\"Arenes Bellpuig ES\",\"url\":\"https:\\\/\\\/arenesbellpuig.com\\\/es\\\/\",\"logo\":{\"@type\":\"ImageObject\",\"inLanguage\":\"es\",\"@id\":\"https:\\\/\\\/arenesbellpuig.com\\\/es\\\/#\\\/schema\\\/logo\\\/image\\\/\",\"url\":\"https:\\\/\\\/arenesbellpuig.com\\\/es\\\/wp-content\\\/uploads\\\/sites\\\/3\\\/2023\\\/06\\\/cropped-00.-ARENES-BELLPUIG-1.png\",\"contentUrl\":\"https:\\\/\\\/arenesbellpuig.com\\\/es\\\/wp-content\\\/uploads\\\/sites\\\/3\\\/2023\\\/06\\\/cropped-00.-ARENES-BELLPUIG-1.png\",\"width\":400,\"height\":133,\"caption\":\"Arenes Bellpuig ES\"},\"image\":{\"@id\":\"https:\\\/\\\/arenesbellpuig.com\\\/es\\\/#\\\/schema\\\/logo\\\/image\\\/\"}}]}<\/script>\n<!-- \/ Yoast SEO plugin. -->","yoast_head_json":{"title":"\u00c1ridos para la industria y la construcci\u00f3n - Arenes Bellpuig","description":"Descubre una gran variedad de arenas, gravas, mezclas y \u00e1ridos para subbase. En Arenes Bellpuig tenemos granulometr\u00edas espec\u00edficas para cada necesidad.","robots":{"index":"index","follow":"follow","max-snippet":"max-snippet:-1","max-image-preview":"max-image-preview:large","max-video-preview":"max-video-preview:-1"},"canonical":"https:\/\/arenesbellpuig.com\/es\/aridos\/","og_locale":"es_ES","og_type":"article","og_title":"\u00c1ridos para la industria y la construcci\u00f3n - Arenes Bellpuig","og_description":"Descubre una gran variedad de arenas, gravas, mezclas y \u00e1ridos para subbase. En Arenes Bellpuig tenemos granulometr\u00edas espec\u00edficas para cada necesidad.","og_url":"https:\/\/arenesbellpuig.com\/es\/aridos\/","og_site_name":"Arenes Bellpuig ES","article_modified_time":"2023-06-15T13:47:44+00:00","twitter_card":"summary_large_image","twitter_misc":{"Tiempo de lectura":"15 minutos"},"schema":{"@context":"https:\/\/schema.org","@graph":[{"@type":"WebPage","@id":"https:\/\/arenesbellpuig.com\/es\/aridos\/","url":"https:\/\/arenesbellpuig.com\/es\/aridos\/","name":"\u00c1ridos para la industria y la construcci\u00f3n - Arenes Bellpuig","isPartOf":{"@id":"https:\/\/arenesbellpuig.com\/es\/#website"},"datePublished":"2019-04-09T14:16:30+00:00","dateModified":"2023-06-15T13:47:44+00:00","description":"Descubre una gran variedad de arenas, gravas, mezclas y \u00e1ridos para subbase. En Arenes Bellpuig tenemos granulometr\u00edas espec\u00edficas para cada necesidad.","breadcrumb":{"@id":"https:\/\/arenesbellpuig.com\/es\/aridos\/#breadcrumb"},"inLanguage":"es","potentialAction":[{"@type":"ReadAction","target":["https:\/\/arenesbellpuig.com\/es\/aridos\/"]}]},{"@type":"BreadcrumbList","@id":"https:\/\/arenesbellpuig.com\/es\/aridos\/#breadcrumb","itemListElement":[{"@type":"ListItem","position":1,"name":"Portada","item":"https:\/\/arenesbellpuig.com\/es\/"},{"@type":"ListItem","position":2,"name":"\u00c1ridos"}]},{"@type":"WebSite","@id":"https:\/\/arenesbellpuig.com\/es\/#website","url":"https:\/\/arenesbellpuig.com\/es\/","name":"Arenes Bellpuig ES","description":"\u00c1ridos y Morteros","publisher":{"@id":"https:\/\/arenesbellpuig.com\/es\/#organization"},"potentialAction":[{"@type":"SearchAction","target":{"@type":"EntryPoint","urlTemplate":"https:\/\/arenesbellpuig.com\/es\/?s={search_term_string}"},"query-input":{"@type":"PropertyValueSpecification","valueRequired":true,"valueName":"search_term_string"}}],"inLanguage":"es"},{"@type":"Organization","@id":"https:\/\/arenesbellpuig.com\/es\/#organization","name":"Arenes Bellpuig ES","url":"https:\/\/arenesbellpuig.com\/es\/","logo":{"@type":"ImageObject","inLanguage":"es","@id":"https:\/\/arenesbellpuig.com\/es\/#\/schema\/logo\/image\/","url":"https:\/\/arenesbellpuig.com\/es\/wp-content\/uploads\/sites\/3\/2023\/06\/cropped-00.-ARENES-BELLPUIG-1.png","contentUrl":"https:\/\/arenesbellpuig.com\/es\/wp-content\/uploads\/sites\/3\/2023\/06\/cropped-00.-ARENES-BELLPUIG-1.png","width":400,"height":133,"caption":"Arenes Bellpuig ES"},"image":{"@id":"https:\/\/arenesbellpuig.com\/es\/#\/schema\/logo\/image\/"}}]}},"_links":{"self":[{"href":"https:\/\/arenesbellpuig.com\/es\/wp-json\/wp\/v2\/pages\/633","targetHints":{"allow":["GET"]}}],"collection":[{"href":"https:\/\/arenesbellpuig.com\/es\/wp-json\/wp\/v2\/pages"}],"about":[{"href":"https:\/\/arenesbellpuig.com\/es\/wp-json\/wp\/v2\/types\/page"}],"author":[{"embeddable":true,"href":"https:\/\/arenesbellpuig.com\/es\/wp-json\/wp\/v2\/users\/1"}],"replies":[{"embeddable":true,"href":"https:\/\/arenesbellpuig.com\/es\/wp-json\/wp\/v2\/comments?post=633"}],"version-history":[{"count":38,"href":"https:\/\/arenesbellpuig.com\/es\/wp-json\/wp\/v2\/pages\/633\/revisions"}],"predecessor-version":[{"id":2782,"href":"https:\/\/arenesbellpuig.com\/es\/wp-json\/wp\/v2\/pages\/633\/revisions\/2782"}],"wp:attachment":[{"href":"https:\/\/arenesbellpuig.com\/es\/wp-json\/wp\/v2\/media?parent=633"}],"curies":[{"name":"wp","href":"https:\/\/api.w.org\/{rel}","templated":true}]}}