{"id":109,"date":"2019-04-01T14:40:48","date_gmt":"2019-04-01T14:40:48","guid":{"rendered":"http:\/\/arenesbellpuig.com\/?page_id=109"},"modified":"2023-06-15T13:48:43","modified_gmt":"2023-06-15T13:48:43","slug":"contacto","status":"publish","type":"page","link":"https:\/\/arenesbellpuig.com\/es\/contacto\/","title":{"rendered":"CONTACTO"},"content":{"rendered":"\t\t<div data-elementor-type=\"wp-post\" data-elementor-id=\"109\" class=\"elementor elementor-109\" data-elementor-post-type=\"page\">\n\t\t\t\t\t\t<section class=\"elementor-section elementor-top-section elementor-element elementor-element-1df356d elementor-section-stretched elementor-section-full_width elementor-section-height-min-height elementor-section-height-default elementor-section-items-middle\" data-id=\"1df356d\" data-element_type=\"section\" data-e-type=\"section\" data-settings=\"{&quot;stretch_section&quot;:&quot;section-stretched&quot;}\">\n\t\t\t\t\t\t<div class=\"elementor-container elementor-column-gap-default\">\n\t\t\t\t\t<div class=\"elementor-column elementor-col-100 elementor-top-column elementor-element elementor-element-615b67f6\" data-id=\"615b67f6\" data-element_type=\"column\" data-e-type=\"column\">\n\t\t\t<div class=\"elementor-widget-wrap elementor-element-populated\">\n\t\t\t\t\t\t<div class=\"elementor-element elementor-element-657c16d elementor-widget elementor-widget-google_maps\" data-id=\"657c16d\" data-element_type=\"widget\" data-e-type=\"widget\" data-widget_type=\"google_maps.default\">\n\t\t\t\t<div class=\"elementor-widget-container\">\n\t\t\t\t\t\t\t<div class=\"elementor-custom-embed\">\n\t\t\t<iframe loading=\"lazy\"\n\t\t\t\t\tsrc=\"https:\/\/maps.google.com\/maps?q=Ctra.%20d%27Ivars%2C%20Km.%201%2C5%20bellpuig&#038;t=m&#038;z=13&#038;output=embed&#038;iwloc=near\"\n\t\t\t\t\ttitle=\"Ctra. d&#039;Ivars, Km. 1,5 bellpuig\"\n\t\t\t\t\taria-label=\"Ctra. d&#039;Ivars, Km. 1,5 bellpuig\"\n\t\t\t><\/iframe>\n\t\t<\/div>\n\t\t\t\t\t\t<\/div>\n\t\t\t\t<\/div>\n\t\t\t\t\t<\/div>\n\t\t<\/div>\n\t\t\t\t\t<\/div>\n\t\t<\/section>\n\t\t\t\t<section class=\"elementor-section elementor-top-section elementor-element elementor-element-4971c0a elementor-section-stretched elementor-section-height-min-height elementor-section-boxed elementor-section-height-default elementor-section-items-middle\" data-id=\"4971c0a\" data-element_type=\"section\" data-e-type=\"section\" data-settings=\"{&quot;stretch_section&quot;:&quot;section-stretched&quot;,&quot;background_background&quot;:&quot;classic&quot;}\">\n\t\t\t\t\t\t<div class=\"elementor-container elementor-column-gap-default\">\n\t\t\t\t\t<div class=\"elementor-column elementor-col-50 elementor-top-column elementor-element elementor-element-530c40d elementor-invisible\" data-id=\"530c40d\" data-element_type=\"column\" data-e-type=\"column\" data-settings=\"{&quot;background_background&quot;:&quot;classic&quot;,&quot;animation&quot;:&quot;fadeInLeft&quot;}\">\n\t\t\t<div class=\"elementor-widget-wrap elementor-element-populated\">\n\t\t\t\t\t\t<div class=\"elementor-element elementor-element-9f2aa1f elementor-align-center elementor-tablet-align-center elementor-mobile-align-center elementor-widget elementor-widget-button\" data-id=\"9f2aa1f\" data-element_type=\"widget\" data-e-type=\"widget\" data-widget_type=\"button.default\">\n\t\t\t\t<div class=\"elementor-widget-container\">\n\t\t\t\t\t\t\t\t\t<div class=\"elementor-button-wrapper\">\n\t\t\t\t\t<a class=\"elementor-button elementor-button-link elementor-size-md elementor-animation-grow\" href=\"tel:+34973320041\">\n\t\t\t\t\t\t<span class=\"elementor-button-content-wrapper\">\n\t\t\t\t\t\t<span class=\"elementor-button-icon\">\n\t\t\t\t\t\t\t\t\t<i class=\"fa fa-phone\" aria-hidden=\"true\"><\/i>\n\t\t\t\t\t\t\t<\/span>\n\t\t\t\t\t\t\t\t\t<span class=\"elementor-button-text\">Pedidos: +34 973 32 00 41<\/span>\n\t\t\t\t\t<\/span>\n\t\t\t\t\t<\/a>\n\t\t\t\t<\/div>\n\t\t\t\t\t\t\t\t<\/div>\n\t\t\t\t<\/div>\n\t\t\t\t\t<\/div>\n\t\t<\/div>\n\t\t\t\t<div class=\"elementor-column elementor-col-50 elementor-top-column elementor-element elementor-element-4d3e720 elementor-invisible\" data-id=\"4d3e720\" data-element_type=\"column\" data-e-type=\"column\" data-settings=\"{&quot;background_background&quot;:&quot;classic&quot;,&quot;animation&quot;:&quot;fadeInRight&quot;}\">\n\t\t\t<div class=\"elementor-widget-wrap elementor-element-populated\">\n\t\t\t\t\t\t<div class=\"elementor-element elementor-element-df84578 elementor-align-center elementor-tablet-align-center elementor-widget elementor-widget-button\" data-id=\"df84578\" data-element_type=\"widget\" data-e-type=\"widget\" data-widget_type=\"button.default\">\n\t\t\t\t<div class=\"elementor-widget-container\">\n\t\t\t\t\t\t\t\t\t<div class=\"elementor-button-wrapper\">\n\t\t\t\t\t<a class=\"elementor-button elementor-button-link elementor-size-md elementor-animation-grow\" href=\"tel:+34973321232\">\n\t\t\t\t\t\t<span class=\"elementor-button-content-wrapper\">\n\t\t\t\t\t\t<span class=\"elementor-button-icon\">\n\t\t\t\t\t\t\t\t\t<i class=\"fa fa-phone\" aria-hidden=\"true\"><\/i>\n\t\t\t\t\t\t\t<\/span>\n\t\t\t\t\t\t\t\t\t<span class=\"elementor-button-text\">Administraci\u00f3n: +34 973 32 12 32<\/span>\n\t\t\t\t\t<\/span>\n\t\t\t\t\t<\/a>\n\t\t\t\t<\/div>\n\t\t\t\t\t\t\t\t<\/div>\n\t\t\t\t<\/div>\n\t\t\t\t\t<\/div>\n\t\t<\/div>\n\t\t\t\t\t<\/div>\n\t\t<\/section>\n\t\t\t\t<section class=\"elementor-section elementor-top-section elementor-element elementor-element-11ef5ff elementor-section-height-min-height elementor-section-items-top elementor-section-stretched elementor-section-boxed elementor-section-height-default\" data-id=\"11ef5ff\" data-element_type=\"section\" data-e-type=\"section\" data-settings=\"{&quot;background_background&quot;:&quot;classic&quot;,&quot;stretch_section&quot;:&quot;section-stretched&quot;}\">\n\t\t\t\t\t\t<div class=\"elementor-container elementor-column-gap-default\">\n\t\t\t\t\t<div class=\"elementor-column elementor-col-100 elementor-top-column elementor-element elementor-element-08fdd2e\" data-id=\"08fdd2e\" data-element_type=\"column\" data-e-type=\"column\">\n\t\t\t<div class=\"elementor-widget-wrap elementor-element-populated\">\n\t\t\t\t\t\t<div class=\"elementor-element elementor-element-81620b3 elementor-widget elementor-widget-heading\" data-id=\"81620b3\" data-element_type=\"widget\" data-e-type=\"widget\" data-widget_type=\"heading.default\">\n\t\t\t\t<div class=\"elementor-widget-container\">\n\t\t\t\t\t<span class=\"elementor-heading-title elementor-size-default\">FORMULARIO DE CONTACTO<\/span>\t\t\t\t<\/div>\n\t\t\t\t<\/div>\n\t\t\t\t<div class=\"elementor-element elementor-element-1ab02cf elementor-widget elementor-widget-shortcode\" data-id=\"1ab02cf\" data-element_type=\"widget\" data-e-type=\"widget\" data-widget_type=\"shortcode.default\">\n\t\t\t\t<div class=\"elementor-widget-container\">\n\t\t\t\t\t\t\t<div class=\"elementor-shortcode\">[gravityform id=\"1\" title=\"false\" description=\"false\"]<\/div>\n\t\t\t\t\t\t<\/div>\n\t\t\t\t<\/div>\n\t\t\t\t\t<\/div>\n\t\t<\/div>\n\t\t\t\t\t<\/div>\n\t\t<\/section>\n\t\t\t\t<\/div>\n\t\t","protected":false},"excerpt":{"rendered":"<p>Pedidos: +34 973 32 00 41 Administraci\u00f3n: +34 973 32 12 32 FORMULARIO DE CONTACTO [gravityform id=\u00bb1&#8243; title=\u00bbfalse\u00bb description=\u00bbfalse\u00bb]<\/p>\n","protected":false},"author":1,"featured_media":0,"parent":0,"menu_order":0,"comment_status":"closed","ping_status":"closed","template":"","meta":{"_acf_changed":false,"_monsterinsights_skip_tracking":false,"_monsterinsights_sitenote_active":false,"_monsterinsights_sitenote_note":"","_monsterinsights_sitenote_category":0,"footnotes":""},"class_list":["post-109","page","type-page","status-publish"],"acf":[],"yoast_head":"<!-- This site is optimized with the Yoast SEO plugin v27.3 - https:\/\/yoast.com\/product\/yoast-seo-wordpress\/ -->\n<title>Contacto - Arenes Bellpuig<\/title>\n<meta name=\"description\" content=\"Descubre nuestro amplio cat\u00e1logo de \u00e1ridos, morteros y hormigones. Cont\u00e1ctanos para resolver cualquier duda o solicitar informaci\u00f3n sobre nuestros productos.\" \/>\n<meta name=\"robots\" content=\"index, follow, max-snippet:-1, max-image-preview:large, max-video-preview:-1\" \/>\n<link rel=\"canonical\" href=\"https:\/\/arenesbellpuig.com\/es\/contacto\/\" \/>\n<meta property=\"og:locale\" content=\"es_ES\" \/>\n<meta property=\"og:type\" content=\"article\" \/>\n<meta property=\"og:title\" content=\"Contacto - Arenes Bellpuig\" \/>\n<meta property=\"og:description\" content=\"Descubre nuestro amplio cat\u00e1logo de \u00e1ridos, morteros y hormigones. Cont\u00e1ctanos para resolver cualquier duda o solicitar informaci\u00f3n sobre nuestros productos.\" \/>\n<meta property=\"og:url\" content=\"https:\/\/arenesbellpuig.com\/es\/contacto\/\" \/>\n<meta property=\"og:site_name\" content=\"Arenes Bellpuig ES\" \/>\n<meta property=\"article:modified_time\" content=\"2023-06-15T13:48:43+00:00\" \/>\n<meta name=\"twitter:card\" content=\"summary_large_image\" \/>\n<meta name=\"twitter:label1\" content=\"Tiempo de lectura\" \/>\n\t<meta name=\"twitter:data1\" content=\"1 minuto\" \/>\n<script type=\"application\/ld+json\" class=\"yoast-schema-graph\">{\"@context\":\"https:\\\/\\\/schema.org\",\"@graph\":[{\"@type\":\"WebPage\",\"@id\":\"https:\\\/\\\/arenesbellpuig.com\\\/es\\\/contacto\\\/\",\"url\":\"https:\\\/\\\/arenesbellpuig.com\\\/es\\\/contacto\\\/\",\"name\":\"Contacto - Arenes Bellpuig\",\"isPartOf\":{\"@id\":\"https:\\\/\\\/arenesbellpuig.com\\\/es\\\/#website\"},\"datePublished\":\"2019-04-01T14:40:48+00:00\",\"dateModified\":\"2023-06-15T13:48:43+00:00\",\"description\":\"Descubre nuestro amplio cat\u00e1logo de \u00e1ridos, morteros y hormigones. Cont\u00e1ctanos para resolver cualquier duda o solicitar informaci\u00f3n sobre nuestros productos.\",\"breadcrumb\":{\"@id\":\"https:\\\/\\\/arenesbellpuig.com\\\/es\\\/contacto\\\/#breadcrumb\"},\"inLanguage\":\"es\",\"potentialAction\":[{\"@type\":\"ReadAction\",\"target\":[\"https:\\\/\\\/arenesbellpuig.com\\\/es\\\/contacto\\\/\"]}]},{\"@type\":\"BreadcrumbList\",\"@id\":\"https:\\\/\\\/arenesbellpuig.com\\\/es\\\/contacto\\\/#breadcrumb\",\"itemListElement\":[{\"@type\":\"ListItem\",\"position\":1,\"name\":\"Portada\",\"item\":\"https:\\\/\\\/arenesbellpuig.com\\\/es\\\/\"},{\"@type\":\"ListItem\",\"position\":2,\"name\":\"CONTACTO\"}]},{\"@type\":\"WebSite\",\"@id\":\"https:\\\/\\\/arenesbellpuig.com\\\/es\\\/#website\",\"url\":\"https:\\\/\\\/arenesbellpuig.com\\\/es\\\/\",\"name\":\"Arenes Bellpuig ES\",\"description\":\"\u00c1ridos y Morteros\",\"publisher\":{\"@id\":\"https:\\\/\\\/arenesbellpuig.com\\\/es\\\/#organization\"},\"potentialAction\":[{\"@type\":\"SearchAction\",\"target\":{\"@type\":\"EntryPoint\",\"urlTemplate\":\"https:\\\/\\\/arenesbellpuig.com\\\/es\\\/?s={search_term_string}\"},\"query-input\":{\"@type\":\"PropertyValueSpecification\",\"valueRequired\":true,\"valueName\":\"search_term_string\"}}],\"inLanguage\":\"es\"},{\"@type\":\"Organization\",\"@id\":\"https:\\\/\\\/arenesbellpuig.com\\\/es\\\/#organization\",\"name\":\"Arenes Bellpuig ES\",\"url\":\"https:\\\/\\\/arenesbellpuig.com\\\/es\\\/\",\"logo\":{\"@type\":\"ImageObject\",\"inLanguage\":\"es\",\"@id\":\"https:\\\/\\\/arenesbellpuig.com\\\/es\\\/#\\\/schema\\\/logo\\\/image\\\/\",\"url\":\"https:\\\/\\\/arenesbellpuig.com\\\/es\\\/wp-content\\\/uploads\\\/sites\\\/3\\\/2023\\\/06\\\/cropped-00.-ARENES-BELLPUIG-1.png\",\"contentUrl\":\"https:\\\/\\\/arenesbellpuig.com\\\/es\\\/wp-content\\\/uploads\\\/sites\\\/3\\\/2023\\\/06\\\/cropped-00.-ARENES-BELLPUIG-1.png\",\"width\":400,\"height\":133,\"caption\":\"Arenes Bellpuig ES\"},\"image\":{\"@id\":\"https:\\\/\\\/arenesbellpuig.com\\\/es\\\/#\\\/schema\\\/logo\\\/image\\\/\"}}]}<\/script>\n<!-- \/ Yoast SEO plugin. -->","yoast_head_json":{"title":"Contacto - Arenes Bellpuig","description":"Descubre nuestro amplio cat\u00e1logo de \u00e1ridos, morteros y hormigones. Cont\u00e1ctanos para resolver cualquier duda o solicitar informaci\u00f3n sobre nuestros productos.","robots":{"index":"index","follow":"follow","max-snippet":"max-snippet:-1","max-image-preview":"max-image-preview:large","max-video-preview":"max-video-preview:-1"},"canonical":"https:\/\/arenesbellpuig.com\/es\/contacto\/","og_locale":"es_ES","og_type":"article","og_title":"Contacto - Arenes Bellpuig","og_description":"Descubre nuestro amplio cat\u00e1logo de \u00e1ridos, morteros y hormigones. Cont\u00e1ctanos para resolver cualquier duda o solicitar informaci\u00f3n sobre nuestros productos.","og_url":"https:\/\/arenesbellpuig.com\/es\/contacto\/","og_site_name":"Arenes Bellpuig ES","article_modified_time":"2023-06-15T13:48:43+00:00","twitter_card":"summary_large_image","twitter_misc":{"Tiempo de lectura":"1 minuto"},"schema":{"@context":"https:\/\/schema.org","@graph":[{"@type":"WebPage","@id":"https:\/\/arenesbellpuig.com\/es\/contacto\/","url":"https:\/\/arenesbellpuig.com\/es\/contacto\/","name":"Contacto - Arenes Bellpuig","isPartOf":{"@id":"https:\/\/arenesbellpuig.com\/es\/#website"},"datePublished":"2019-04-01T14:40:48+00:00","dateModified":"2023-06-15T13:48:43+00:00","description":"Descubre nuestro amplio cat\u00e1logo de \u00e1ridos, morteros y hormigones. Cont\u00e1ctanos para resolver cualquier duda o solicitar informaci\u00f3n sobre nuestros productos.","breadcrumb":{"@id":"https:\/\/arenesbellpuig.com\/es\/contacto\/#breadcrumb"},"inLanguage":"es","potentialAction":[{"@type":"ReadAction","target":["https:\/\/arenesbellpuig.com\/es\/contacto\/"]}]},{"@type":"BreadcrumbList","@id":"https:\/\/arenesbellpuig.com\/es\/contacto\/#breadcrumb","itemListElement":[{"@type":"ListItem","position":1,"name":"Portada","item":"https:\/\/arenesbellpuig.com\/es\/"},{"@type":"ListItem","position":2,"name":"CONTACTO"}]},{"@type":"WebSite","@id":"https:\/\/arenesbellpuig.com\/es\/#website","url":"https:\/\/arenesbellpuig.com\/es\/","name":"Arenes Bellpuig ES","description":"\u00c1ridos y Morteros","publisher":{"@id":"https:\/\/arenesbellpuig.com\/es\/#organization"},"potentialAction":[{"@type":"SearchAction","target":{"@type":"EntryPoint","urlTemplate":"https:\/\/arenesbellpuig.com\/es\/?s={search_term_string}"},"query-input":{"@type":"PropertyValueSpecification","valueRequired":true,"valueName":"search_term_string"}}],"inLanguage":"es"},{"@type":"Organization","@id":"https:\/\/arenesbellpuig.com\/es\/#organization","name":"Arenes Bellpuig ES","url":"https:\/\/arenesbellpuig.com\/es\/","logo":{"@type":"ImageObject","inLanguage":"es","@id":"https:\/\/arenesbellpuig.com\/es\/#\/schema\/logo\/image\/","url":"https:\/\/arenesbellpuig.com\/es\/wp-content\/uploads\/sites\/3\/2023\/06\/cropped-00.-ARENES-BELLPUIG-1.png","contentUrl":"https:\/\/arenesbellpuig.com\/es\/wp-content\/uploads\/sites\/3\/2023\/06\/cropped-00.-ARENES-BELLPUIG-1.png","width":400,"height":133,"caption":"Arenes Bellpuig ES"},"image":{"@id":"https:\/\/arenesbellpuig.com\/es\/#\/schema\/logo\/image\/"}}]}},"_links":{"self":[{"href":"https:\/\/arenesbellpuig.com\/es\/wp-json\/wp\/v2\/pages\/109","targetHints":{"allow":["GET"]}}],"collection":[{"href":"https:\/\/arenesbellpuig.com\/es\/wp-json\/wp\/v2\/pages"}],"about":[{"href":"https:\/\/arenesbellpuig.com\/es\/wp-json\/wp\/v2\/types\/page"}],"author":[{"embeddable":true,"href":"https:\/\/arenesbellpuig.com\/es\/wp-json\/wp\/v2\/users\/1"}],"replies":[{"embeddable":true,"href":"https:\/\/arenesbellpuig.com\/es\/wp-json\/wp\/v2\/comments?post=109"}],"version-history":[{"count":36,"href":"https:\/\/arenesbellpuig.com\/es\/wp-json\/wp\/v2\/pages\/109\/revisions"}],"predecessor-version":[{"id":2788,"href":"https:\/\/arenesbellpuig.com\/es\/wp-json\/wp\/v2\/pages\/109\/revisions\/2788"}],"wp:attachment":[{"href":"https:\/\/arenesbellpuig.com\/es\/wp-json\/wp\/v2\/media?parent=109"}],"curies":[{"name":"wp","href":"https:\/\/api.w.org\/{rel}","templated":true}]}}